{"id":1275,"date":"2023-06-01T15:07:08","date_gmt":"2023-06-01T13:07:08","guid":{"rendered":"https:\/\/develop.gc-heddesheim.de\/?page_id=1275"},"modified":"2023-09-19T13:28:51","modified_gmt":"2023-09-19T11:28:51","slug":"golf-natur","status":"publish","type":"page","link":"https:\/\/develop.gc-heddesheim.de\/?page_id=1275","title":{"rendered":"golf-natur"},"content":{"rendered":"[vc_row][vc_column]<figure class=\"vcex-image vcex-module wpex-clr\"><div class=\"vcex-image-inner wpex-relative wpex-inline-block\"><img decoding=\"async\" width=\"1920\" height=\"560\" src=\"https:\/\/develop.gc-heddesheim.de\/wp-content\/uploads\/2023\/06\/IMG_0202_mediathek-newsarchiv.jpg\" class=\"wpex-align-middle\" alt=\"\" loading=\"lazy\" srcset=\"https:\/\/develop.gc-heddesheim.de\/wp-content\/uploads\/2023\/06\/IMG_0202_mediathek-newsarchiv.jpg 1920w, https:\/\/develop.gc-heddesheim.de\/wp-content\/uploads\/2023\/06\/IMG_0202_mediathek-newsarchiv-300x88.jpg 300w, https:\/\/develop.gc-heddesheim.de\/wp-content\/uploads\/2023\/06\/IMG_0202_mediathek-newsarchiv-1024x299.jpg 1024w, https:\/\/develop.gc-heddesheim.de\/wp-content\/uploads\/2023\/06\/IMG_0202_mediathek-newsarchiv-768x224.jpg 768w, https:\/\/develop.gc-heddesheim.de\/wp-content\/uploads\/2023\/06\/IMG_0202_mediathek-newsarchiv-1536x448.jpg 1536w\" sizes=\"auto, (max-width: 1920px) 100vw, 1920px\" \/><\/div><\/figure>[\/vc_column][\/vc_row][vc_row][vc_column]<div class=\"vcex-heading vcex-module wpex-text-2xl wpex-font-normal wpex-m-auto wpex-max-w-100 vcex-heading-plain wpex-block wpex-text-center vc_custom_1685625054659\"><span class=\"vcex-heading-inner wpex-inline-block wpex-clr\">Golf &amp; Natur<\/span><\/div>[\/vc_column][\/vc_row][vc_row css=&#8220;.vc_custom_1685624981238{margin-top: 40px !important;margin-bottom: 40px !important;}&#8220;][vc_column width=&#8220;5\/6&#8243; offset=&#8220;vc_col-lg-offset-2 vc_col-lg-8 vc_col-md-offset-1 vc_col-md-10 vc_col-sm-offset-1 vc_col-xs-offset-1 vc_col-xs-10&#8243;]<div class=\"wpex-post-cards wpex-post-cards-template_1646 wpex-relative\"><div class=\"wpex-post-cards-inner\"><div class=\"wpex-post-cards-loop wpex-post-cards-list wpex-grid wpex-grid-cols-1 wpex-gap-15\"><div class=\"wpex-post-cards-entry post-1428 type-post cat-1 post_series-18\"><div class=\"wpex-card wpex-card-template_1646\"><style>.vc_custom_1695122690207{margin-top: 40px !important;padding-right: 15px !important;padding-left: 15px !important;}.vc_custom_1695122679777{margin-bottom: 40px !important;padding-right: 15px !important;padding-left: 15px !important;}.vc_custom_1695122898597{padding-right: 15px !important;padding-left: 15px !important;}<\/style><div class=\"wpex-card-inner\"><div class=\"vc_row wpb_row vc_row-fluid\"><div class=\"wpb_column vc_column_container vc_col-sm-12\"><div class=\"vc_column-inner\"><div class=\"wpb_wrapper\"><div class=\"vcex-heading vcex-module wpex-text-2xl wpex-font-normal wpex-m-auto wpex-max-w-100 vcex-heading-plain wpex-block wpex-text-left vc_custom_1695122690207\" style=\"color:#166151;font-size:20px;\"><span class=\"vcex-heading-inner wpex-inline-block wpex-clr\">11.07.2017<\/span><\/div><div class=\"vcex-heading vcex-module wpex-text-2xl wpex-font-normal wpex-m-auto wpex-max-w-100 vcex-heading-plain wpex-block wpex-text-left vc_custom_1695122679777\" style=\"color:#166151;font-size:20px;\"><span class=\"vcex-heading-inner wpex-inline-block wpex-clr\">WEISSSTORCH CICONIA CICONIA BR\u00dcTET AUF GEL\u00c4NDE DES GC HEDDESHEIM<\/span><\/div>\n<div  class=\"vcex-post-content vcex-clr vc_custom_1695122898597\">\n\n\t\n\t\t\t\t\t<div class=\"vcex-post-content-c wpex-clr\">\n<p><a href=\"https:\/\/develop.gc-heddesheim.de\/wp-content\/uploads\/2023\/10\/Wei\u00dfstorch-br\u00fctet-auf-Gel\u00e4nde-GC-Heddesheim.pdf\" target=\"_blank\" rel=\"noreferrer noopener\">Hier<\/a>\u00a0geht es zum Artikel aus Ornithologische Mitteilungen.<\/p>\n<\/div>\n\n\t\t\t\t\t\n\t\n\t\n<\/div><\/div><\/div><\/div><\/div>\n<\/div><\/div><\/div><div class=\"wpex-post-cards-entry post-1430 type-post cat-1 post_series-18\"><div class=\"wpex-card wpex-card-template_1646\"><div class=\"wpex-card-inner\"><div class=\"vc_row wpb_row vc_row-fluid\"><div class=\"wpb_column vc_column_container vc_col-sm-12\"><div class=\"vc_column-inner\"><div class=\"wpb_wrapper\"><div class=\"vcex-heading vcex-module wpex-text-2xl wpex-font-normal wpex-m-auto wpex-max-w-100 vcex-heading-plain wpex-block wpex-text-left vc_custom_1695122690207\" style=\"color:#166151;font-size:20px;\"><span class=\"vcex-heading-inner wpex-inline-block wpex-clr\">25.04.2017<\/span><\/div><div class=\"vcex-heading vcex-module wpex-text-2xl wpex-font-normal wpex-m-auto wpex-max-w-100 vcex-heading-plain wpex-block wpex-text-left vc_custom_1695122679777\" style=\"color:#166151;font-size:20px;\"><span class=\"vcex-heading-inner wpex-inline-block wpex-clr\">GOLF UND NATUR &#8211; NEUE ZERTIFIZIERUNG GOLD<\/span><\/div>\n<div  class=\"vcex-post-content vcex-clr vc_custom_1695122898597\">\n\n\t\n\t\t\t\t\t<div class=\"vcex-post-content-c wpex-clr\">\n<p>Liebe Mitglieder, sehr geehrte Damen und Herren,<br>im Jahre 2014 erarbeiteten wir uns die Zertifizierung \u201eBronze\u201c. Danach folgte im Jahre 2015 die Pr\u00fcfung zu \u201eSilber\u201c.<\/p>\n\n\n\n<p><strong>In diesen Tagen haben wir&nbsp; die Auszeichnung \u201eZertifikat Gold\u201c erhalten.<\/strong><br>Es mussten entsprechende Qualit\u00e4tsstandards bei nachfolgenden Programmschwerpunkten erreicht werden:<br>&#8211; Natur und Landschaft<br>&#8211; Pflege und Spielbetrieb<br>&#8211; Arbeitssicherheit und Umweltmanagement<br>&#8211; \u00d6ffentlichkeitsarbeit und Infrastruktur<br><br>Diese Auszeichnung wurde bisher bei aktuell 814 Golfclubs in Deutschland nur 73 mal an Premium-Clubs vergeben. Wir geh\u00f6ren ab sofort zu diesem qualifizierten Kreis.<br>Nat\u00fcrlich sind wir alle sehr stolz auf diese \u201eGoldmedaille\u201c.<br>An dieser Stelle m\u00f6chte ich mich&nbsp; besonders bei dem Golf und Natur Arbeitskreis &#8211; Rob Coombe, Christine Walch, Susanne Schmitt, Christine Hartmann &#8211;&nbsp; aber auch bei allen anderen Mitarbeiterinnen in der Gesch\u00e4ftsstelle und den Greenkeepern sehr herzlich bedanken, die diese besondere Zertifizierung mit erm\u00f6glicht haben.<br>Der Dank gilt auch dem Deutschen Golfverband (DGV), stellvertretend Herrn Prof. Martin Bocksch und der Deutschen Gesellschaft zur Zertifizierung von Managementsystemen (DQS), stellvertretend Herrn Bodo R\u00fcdiger, f\u00fcr die vertrauensvolle Zusammenarbeit.<br><br>Wir freuen uns f\u00fcr unseren Club \u00fcber diese Auszeichnung.<\/p>\n<\/div>\n\n\t\t\t\t\t\n\t\n\t\n<\/div><\/div><\/div><\/div><\/div>\n<\/div><\/div><\/div><\/div><\/div><\/div>[\/vc_column][\/vc_row]\n","protected":false},"excerpt":{"rendered":"Liebe Mitglieder, sehr geehrte Damen und Herren,im Jahre 2014 erarbeiteten wir uns die Zertifizierung \u201eBronze\u201c. Danach folgte im Jahre 2015 die Pr\u00fcfung zu \u201eSilber\u201c. In diesen Tagen haben wir&nbsp; die Auszeichnung \u201eZertifikat Gold\u201c erhalten.Es mussten entsprechende Qualit\u00e4tsstandards bei nachfolgenden Programmschwerpunkten erreicht werden:- Natur und Landschaft- Pflege und Spielbetrieb- Arbeitssicherheit und Umweltmanagement- \u00d6ffentlichkeitsarbeit und InfrastrukturDiese Auszeichnung&hellip;","protected":false},"author":1,"featured_media":0,"parent":0,"menu_order":0,"comment_status":"closed","ping_status":"closed","template":"","meta":{"footnotes":""},"class_list":["post-1275","page","type-page","status-publish","hentry","entry","no-media"],"_links":{"self":[{"href":"https:\/\/develop.gc-heddesheim.de\/index.php?rest_route=\/wp\/v2\/pages\/1275","targetHints":{"allow":["GET"]}}],"collection":[{"href":"https:\/\/develop.gc-heddesheim.de\/index.php?rest_route=\/wp\/v2\/pages"}],"about":[{"href":"https:\/\/develop.gc-heddesheim.de\/index.php?rest_route=\/wp\/v2\/types\/page"}],"author":[{"embeddable":true,"href":"https:\/\/develop.gc-heddesheim.de\/index.php?rest_route=\/wp\/v2\/users\/1"}],"replies":[{"embeddable":true,"href":"https:\/\/develop.gc-heddesheim.de\/index.php?rest_route=%2Fwp%2Fv2%2Fcomments&post=1275"}],"version-history":[{"count":11,"href":"https:\/\/develop.gc-heddesheim.de\/index.php?rest_route=\/wp\/v2\/pages\/1275\/revisions"}],"predecessor-version":[{"id":1649,"href":"https:\/\/develop.gc-heddesheim.de\/index.php?rest_route=\/wp\/v2\/pages\/1275\/revisions\/1649"}],"wp:attachment":[{"href":"https:\/\/develop.gc-heddesheim.de\/index.php?rest_route=%2Fwp%2Fv2%2Fmedia&parent=1275"}],"curies":[{"name":"wp","href":"https:\/\/api.w.org\/{rel}","templated":true}]}}