{"id":1301,"date":"2023-06-01T16:46:38","date_gmt":"2023-06-01T14:46:38","guid":{"rendered":"https:\/\/develop.gc-heddesheim.de\/?page_id=1301"},"modified":"2025-03-28T14:53:13","modified_gmt":"2025-03-28T13:53:13","slug":"golf-shop","status":"publish","type":"page","link":"https:\/\/develop.gc-heddesheim.de\/?page_id=1301","title":{"rendered":"golf-shop"},"content":{"rendered":"[vc_row][vc_column]<figure class=\"vcex-image vcex-module wpex-clr\"><div class=\"vcex-image-inner wpex-relative wpex-inline-block\"><img decoding=\"async\" width=\"1920\" height=\"475\" src=\"https:\/\/develop.gc-heddesheim.de\/wp-content\/uploads\/2023\/06\/Putter_headerbild_proshop.jpg\" class=\"wpex-align-middle\" alt=\"\" loading=\"lazy\" srcset=\"https:\/\/develop.gc-heddesheim.de\/wp-content\/uploads\/2023\/06\/Putter_headerbild_proshop.jpg 1920w, https:\/\/develop.gc-heddesheim.de\/wp-content\/uploads\/2023\/06\/Putter_headerbild_proshop-300x74.jpg 300w, https:\/\/develop.gc-heddesheim.de\/wp-content\/uploads\/2023\/06\/Putter_headerbild_proshop-1024x253.jpg 1024w, https:\/\/develop.gc-heddesheim.de\/wp-content\/uploads\/2023\/06\/Putter_headerbild_proshop-768x190.jpg 768w, https:\/\/develop.gc-heddesheim.de\/wp-content\/uploads\/2023\/06\/Putter_headerbild_proshop-1536x380.jpg 1536w\" sizes=\"auto, (max-width: 1920px) 100vw, 1920px\" \/><\/div><\/figure>[\/vc_column][vc_column]<div class=\"vcex-heading vcex-module wpex-text-2xl wpex-font-normal wpex-m-auto wpex-max-w-100 vcex-heading-plain wpex-block wpex-text-center vc_custom_1743169896811\"><span class=\"vcex-heading-inner wpex-inline-block wpex-clr\">GGC Golf Shops<\/span><\/div><div class=\"vcex-heading vcex-module wpex-text-2xl wpex-font-normal wpex-m-auto wpex-max-w-100 vcex-heading-plain wpex-block wpex-text-center vc_custom_1743169909013\" style=\"color:#166151;font-size:20px;\"><span class=\"vcex-heading-inner wpex-inline-block wpex-clr\">GC Heddesheim - GP Kurpfalz - GP Rheintal - GP Pf\u00e4lzerwald<\/span><\/div>[\/vc_column][\/vc_row][vc_row][vc_column width=&#8220;5\/6&#8243; offset=&#8220;vc_col-lg-offset-2 vc_col-lg-8 vc_col-xs-offset-1 vc_col-xs-10&#8243;][vc_column_text]Sehr geehrte Mitglieder der Gutperle Golf Courses, sehr geehrter Gast,<\/p>\n<p>das Team der GGC Golf Shops freut sich Sie an 7 Tagen der Woche in unseren Shops begr\u00fc\u00dfen zu d\u00fcrfen und dankt Ihnen f\u00fcr die \u00fcber 25 Jahre w\u00e4hrende Unterst\u00fctzung.<br \/>\nBitte entnehmen Sie alle wichtigen Informationen \u00fcber unsere Schl\u00e4ger- und Golf Bekleidungsmarken inkl. Logo, Serviceleistungen, Fitting Days und Golf Events unter\u00a0<strong>www.nopro.de!<\/strong><\/p>\n<p>Wir bieten in den Wintermonaten die M\u00f6glichkeit die Golf Saison zu verl\u00e4ngern.<br \/>\nAlle Infos finden Sie unter www.indoorgolf-mannheim-77.de!<\/p>\n<p>Sie haben individuelle W\u00fcnsche?<br \/>\nBitte kontaktieren Sie uns gerne unter der Telefon Nummer: 06204-9769-20 oder schreiben Sie uns eine E-Mail an golfshopnopro@web.de!<\/p>\n<p>J\u00fcrgen F. Bollack und Sabine Bollack sowie das Team der GGC Golf Shops freuen sich auf Ihren Besuch.<\/p>\n<p>\u00d6ffnungszeiten an 7 Tagen der Woche &#8211; je nach Jahreszeit!<br \/>\nwww.nopro.de<br \/>\nindoor-golf-mannheim-77.de<\/p>\n<p><strong><br \/>\nTelefon: 0 62 04 \/ 97 69 20<\/strong><br \/>\n<strong>E-Mail:\u00a0<a href=\"mailto:golfshopnopro@web.de\" target=\"_blank\" rel=\"noopener noreferrer\">golfshopnopro@web.de<\/a><\/strong><br \/>\n<strong>Web:\u00a0<a href=\"http:\/\/www.nopro.de\/\" target=\"_blank\" rel=\"noopener noreferrer\">www.nopro.de<\/a><\/strong>[\/vc_column_text]<figure class=\"vcex-image vcex-module wpex-clr\"><div class=\"vcex-image-inner wpex-relative wpex-inline-block vc_custom_1743169972292\"><img decoding=\"async\" width=\"2000\" height=\"1339\" src=\"https:\/\/develop.gc-heddesheim.de\/wp-content\/uploads\/2025\/03\/Golf-Shop-Indoor-Golf.jpg\" class=\"wpex-align-middle\" alt=\"\" loading=\"lazy\" srcset=\"https:\/\/develop.gc-heddesheim.de\/wp-content\/uploads\/2025\/03\/Golf-Shop-Indoor-Golf.jpg 2000w, https:\/\/develop.gc-heddesheim.de\/wp-content\/uploads\/2025\/03\/Golf-Shop-Indoor-Golf-300x201.jpg 300w, https:\/\/develop.gc-heddesheim.de\/wp-content\/uploads\/2025\/03\/Golf-Shop-Indoor-Golf-1024x686.jpg 1024w, https:\/\/develop.gc-heddesheim.de\/wp-content\/uploads\/2025\/03\/Golf-Shop-Indoor-Golf-768x514.jpg 768w, https:\/\/develop.gc-heddesheim.de\/wp-content\/uploads\/2025\/03\/Golf-Shop-Indoor-Golf-1536x1028.jpg 1536w\" sizes=\"auto, (max-width: 2000px) 100vw, 2000px\" \/><\/div><\/figure>[\/vc_column][\/vc_row][vc_row css=&#8220;.vc_custom_1685632121919{background-image: url(https:\/\/develop.gc-heddesheim.de\/wp-content\/uploads\/2023\/05\/bgbrown.jpg?id=520) !important;background-position: 0 0 !important;background-repeat: repeat !important;}&#8220;][vc_column width=&#8220;5\/6&#8243; offset=&#8220;vc_col-lg-offset-2 vc_col-lg-8 vc_col-xs-offset-1 vc_col-xs-10&#8243;]<div class=\"vcex-heading vcex-module wpex-text-2xl wpex-font-normal wpex-m-auto wpex-max-w-100 vcex-heading-plain wpex-block wpex-text-center vc_custom_1685632293786\" style=\"color:#423b29;font-size:20px;font-weight:700;\"><span class=\"vcex-heading-inner wpex-inline-block wpex-clr\">GOLF SHOP \u00d6FFNUNGSZEITEN<\/span><\/div>[vc_column_text text_align=&#8220;center&#8220; color=&#8220;#ffffff&#8220; css=&#8220;.vc_custom_1743169989619{margin-top: 60px !important;margin-bottom: 60px !important;}&#8220;]\n<div class=\"col-md-4 col-sm-12\">\n<p style=\"text-align: center;\"><strong>Alle Informationen entnehmen Sie gerne unserer Homepage:<\/strong><br \/>\n<strong>www.nopro.de<\/strong><\/p>\n<\/div>\n[\/vc_column_text][\/vc_column][\/vc_row][vc_row][vc_column width=&#8220;5\/6&#8243; offset=&#8220;vc_col-lg-offset-2 vc_col-lg-8 vc_col-xs-offset-1 vc_col-xs-10&#8243;]<figure class=\"vcex-image vcex-module wpex-clr\"><div class=\"vcex-image-inner wpex-relative wpex-inline-block vc_custom_1685694216551\"><img decoding=\"async\" width=\"1200\" height=\"500\" src=\"https:\/\/develop.gc-heddesheim.de\/wp-content\/uploads\/2023\/06\/aussenansicht-proshop.jpg\" class=\"wpex-align-middle\" alt=\"\" loading=\"lazy\" srcset=\"https:\/\/develop.gc-heddesheim.de\/wp-content\/uploads\/2023\/06\/aussenansicht-proshop.jpg 1200w, https:\/\/develop.gc-heddesheim.de\/wp-content\/uploads\/2023\/06\/aussenansicht-proshop-300x125.jpg 300w, https:\/\/develop.gc-heddesheim.de\/wp-content\/uploads\/2023\/06\/aussenansicht-proshop-1024x427.jpg 1024w, https:\/\/develop.gc-heddesheim.de\/wp-content\/uploads\/2023\/06\/aussenansicht-proshop-768x320.jpg 768w\" sizes=\"auto, (max-width: 1200px) 100vw, 1200px\" \/><\/div><\/figure>[\/vc_column][\/vc_row]\n","protected":false},"excerpt":{"rendered":"<p>[vc_row][vc_column][\/vc_column][vc_column][\/vc_column][\/vc_row][vc_row][vc_column width=&#8220;5\/6&#8243; offset=&#8220;vc_col-lg-offset-2 vc_col-lg-8 vc_col-xs-offset-1 vc_col-xs-10&#8243;][vc_column_text]Sehr geehrte Mitglieder der Gutperle Golf Courses, sehr geehrter Gast, das Team der GGC Golf Shops freut sich Sie an 7 Tagen der Woche in unseren Shops begr\u00fc\u00dfen zu d\u00fcrfen und dankt Ihnen f\u00fcr die \u00fcber 25 Jahre w\u00e4hrende Unterst\u00fctzung. Bitte entnehmen Sie alle wichtigen Informationen \u00fcber unsere Schl\u00e4ger- und&hellip;<\/p>\n","protected":false},"author":1,"featured_media":0,"parent":0,"menu_order":0,"comment_status":"closed","ping_status":"closed","template":"","meta":{"footnotes":""},"class_list":["post-1301","page","type-page","status-publish","hentry","entry","no-media"],"_links":{"self":[{"href":"https:\/\/develop.gc-heddesheim.de\/index.php?rest_route=\/wp\/v2\/pages\/1301","targetHints":{"allow":["GET"]}}],"collection":[{"href":"https:\/\/develop.gc-heddesheim.de\/index.php?rest_route=\/wp\/v2\/pages"}],"about":[{"href":"https:\/\/develop.gc-heddesheim.de\/index.php?rest_route=\/wp\/v2\/types\/page"}],"author":[{"embeddable":true,"href":"https:\/\/develop.gc-heddesheim.de\/index.php?rest_route=\/wp\/v2\/users\/1"}],"replies":[{"embeddable":true,"href":"https:\/\/develop.gc-heddesheim.de\/index.php?rest_route=%2Fwp%2Fv2%2Fcomments&post=1301"}],"version-history":[{"count":8,"href":"https:\/\/develop.gc-heddesheim.de\/index.php?rest_route=\/wp\/v2\/pages\/1301\/revisions"}],"predecessor-version":[{"id":2049,"href":"https:\/\/develop.gc-heddesheim.de\/index.php?rest_route=\/wp\/v2\/pages\/1301\/revisions\/2049"}],"wp:attachment":[{"href":"https:\/\/develop.gc-heddesheim.de\/index.php?rest_route=%2Fwp%2Fv2%2Fmedia&parent=1301"}],"curies":[{"name":"wp","href":"https:\/\/api.w.org\/{rel}","templated":true}]}}