{"id":1325,"date":"2023-06-01T17:23:54","date_gmt":"2023-06-01T15:23:54","guid":{"rendered":"https:\/\/develop.gc-heddesheim.de\/?page_id=1325"},"modified":"2023-09-19T13:32:25","modified_gmt":"2023-09-19T11:32:25","slug":"mannschaften","status":"publish","type":"page","link":"https:\/\/develop.gc-heddesheim.de\/?page_id=1325","title":{"rendered":"Mannschaften"},"content":{"rendered":"[vc_row][vc_column]<figure class=\"vcex-image vcex-module wpex-clr\"><div class=\"vcex-image-inner wpex-relative wpex-inline-block\"><img decoding=\"async\" width=\"1920\" height=\"560\" src=\"https:\/\/develop.gc-heddesheim.de\/wp-content\/uploads\/2023\/06\/IMG_0310_header_mannschaften.jpg\" class=\"wpex-align-middle\" alt=\"\" loading=\"lazy\" srcset=\"https:\/\/develop.gc-heddesheim.de\/wp-content\/uploads\/2023\/06\/IMG_0310_header_mannschaften.jpg 1920w, https:\/\/develop.gc-heddesheim.de\/wp-content\/uploads\/2023\/06\/IMG_0310_header_mannschaften-300x88.jpg 300w, https:\/\/develop.gc-heddesheim.de\/wp-content\/uploads\/2023\/06\/IMG_0310_header_mannschaften-1024x299.jpg 1024w, https:\/\/develop.gc-heddesheim.de\/wp-content\/uploads\/2023\/06\/IMG_0310_header_mannschaften-768x224.jpg 768w, https:\/\/develop.gc-heddesheim.de\/wp-content\/uploads\/2023\/06\/IMG_0310_header_mannschaften-1536x448.jpg 1536w\" sizes=\"auto, (max-width: 1920px) 100vw, 1920px\" \/><\/div><\/figure>[\/vc_column][vc_column]<div class=\"vcex-heading vcex-module wpex-text-2xl wpex-font-normal wpex-m-auto wpex-max-w-100 vcex-heading-plain wpex-block wpex-text-center vc_custom_1685633761465\"><span class=\"vcex-heading-inner wpex-inline-block wpex-clr\">Mannschaften<\/span><\/div>[\/vc_column][\/vc_row][vc_row][vc_column width=&#8220;5\/6&#8243; offset=&#8220;vc_col-lg-offset-2 vc_col-lg-8 vc_col-xs-offset-1 vc_col-xs-10&#8243;]<div class=\"wpex-post-cards wpex-post-cards-post-content_1 wpex-relative\"><div class=\"wpex-post-cards-inner\"><div class=\"wpex-post-cards-loop wpex-post-cards-list wpex-grid wpex-grid-cols-1 wpex-gap-15\"><div class=\"wpex-post-cards-entry post-1319 type-post cat-31\"><div class=\"wpex-card wpex-card-post-content_1\"><h3 class=\"wp-block-heading has-text-align-center\">HERREN<\/h3>\n<figure class=\"wp-block-image\"><img decoding=\"async\" src=\"https:\/\/gc-heddesheim.de\/wp-content\/uploads\/2023\/07\/DGL-Heimspiel-1-home.jpg\" alt=\"\" title=\"DGL Heimspiel 1 home\"\/><\/figure>\n<p><strong>Kader:<br \/>Von Links nach rechts.<br \/><\/strong>\u00a0vordere Reihe knieend:\u00a0 Arnaud Castellana, Christopher Steger, Paul Vogel, Ali Khazanbeik<br \/>Mittlere Reihe: Marc K\u00fcnster, Nils Herriegel, Yannick Rosenberger, Luca Franck, Grgor Schuol, Philipp Lampe, Max Reiss, Ben Wiss, Filio Recknagel, Patrick Hantschk<br \/>Hintere Reihe: Christopher Dammert, Robbie Sowden, Thomas Krieger, Tom Schautzki, Dominik Tilgner, Alexander Schwarz, Alexander Focken.<\/p>\n<p><strong>Kapit\u00e4n:<\/strong>Thomas Krieger&nbsp;<\/p>\n<p><strong>Sportliche Erfolge:<br \/><\/strong><strong><br \/>Ligen :<\/strong><\/p>\n<p><strong>Ziele&nbsp; &nbsp; &nbsp; &nbsp; &nbsp; &nbsp; &nbsp; &nbsp; &nbsp; &nbsp; &nbsp; &nbsp; &nbsp; &nbsp; &nbsp; &nbsp; &nbsp;&nbsp;<\/strong>&nbsp;<\/p>\n<h3 class=\"wp-block-heading has-text-align-center\">HERREN II<\/h3>\n<p><strong>Kader :<\/strong><\/p>\n<p><strong>Trainer:<\/strong><br \/><strong>Kapit\u00e4n:<\/strong><br \/><strong>Co-Kapit\u00e4n:<\/strong><\/p>\n<p><strong>Sportliche Erfolge:<\/strong><\/p>\n<p><strong>Ligen 2022:<\/strong><\/p>\n<p><strong>Ziele 2022:<\/strong><\/p>\n<h3 class=\"wp-block-heading has-text-align-center\">DAMEN<\/h3>\n<figure class=\"wp-block-image size-large\"><img loading=\"lazy\" decoding=\"async\" width=\"1024\" height=\"768\" src=\"https:\/\/develop.gc-heddesheim.de\/wp-content\/uploads\/2023\/09\/Damen-Mannschaft-2023-home-1024x768.jpg\" alt=\"\" class=\"wp-image-1617\" srcset=\"https:\/\/develop.gc-heddesheim.de\/wp-content\/uploads\/2023\/09\/Damen-Mannschaft-2023-home-1024x768.jpg 1024w, https:\/\/develop.gc-heddesheim.de\/wp-content\/uploads\/2023\/09\/Damen-Mannschaft-2023-home-300x225.jpg 300w, https:\/\/develop.gc-heddesheim.de\/wp-content\/uploads\/2023\/09\/Damen-Mannschaft-2023-home-768x576.jpg 768w, https:\/\/develop.gc-heddesheim.de\/wp-content\/uploads\/2023\/09\/Damen-Mannschaft-2023-home.jpg 1200w\" sizes=\"auto, (max-width: 1024px) 100vw, 1024px\" \/><\/figure>\n<p><strong>Kader:<\/strong><br \/>Valerie Federolf, Amelie Sophie Filsinger, Caroline Gress, Valerie Gress, Alicia Kalbrunner, Lia Fee Kempf, Lilia Kraft, Jana Kohlhammer, Christine Pfl\u00e4sterer, Sonja Riedinger, Barbara Roether, Katharina Sulzmann, Katharina S\u00f6hnlein, Wiebke Wartenberg, Alessia Wallej,<\/p>\n<p><strong>Trainer:<\/strong>Mike Cole<br \/><strong>Kapit\u00e4n:<\/strong>Christine Pfl\u00e4sterer<\/p>\n<p><strong>Sportliche Erfolge :&nbsp; &nbsp; &nbsp; &nbsp; &nbsp; &nbsp; &nbsp;<\/strong><\/p>\n<p><strong>Ligen&nbsp; &nbsp; &nbsp; &nbsp; &nbsp; &nbsp; &nbsp; &nbsp; &nbsp; &nbsp; &nbsp; &nbsp; &nbsp; &nbsp;&nbsp;<\/strong>&nbsp;<\/p>\n<p>&nbsp;<strong>Ziele&nbsp; &nbsp; &nbsp; &nbsp; &nbsp; &nbsp; &nbsp; &nbsp; &nbsp; &nbsp; &nbsp; &nbsp;&nbsp;<\/strong><br \/><strong><br \/>Spieltage&nbsp; &nbsp; &nbsp; &nbsp; &nbsp; &nbsp; &nbsp; &nbsp; &nbsp; &nbsp; &nbsp;<\/strong><br \/>&nbsp; &nbsp; &nbsp; &nbsp; &nbsp; &nbsp; &nbsp; &nbsp; &nbsp; &nbsp; &nbsp; &nbsp; &nbsp; &nbsp; &nbsp; &nbsp; &nbsp; &nbsp; &nbsp; &nbsp; &nbsp; &nbsp; &nbsp; &nbsp; &nbsp; &nbsp; &nbsp; &nbsp;<\/p>\n<p><strong>Sportliche Erfolge<\/strong><\/p>\n<h3 class=\"wp-block-heading has-text-align-center\">AK 30 DAMEN<\/h3>\n<div class=\"wp-block-image\">\n<figure class=\"aligncenter size-large\"><img loading=\"lazy\" decoding=\"async\" width=\"965\" height=\"1024\" src=\"https:\/\/develop.gc-heddesheim.de\/wp-content\/uploads\/2023\/06\/AK-30-Damen-b-1930x2048-1-965x1024.jpg\" alt=\"\" class=\"wp-image-2060\" title=\"AK 30 Damen1 2019\" srcset=\"https:\/\/develop.gc-heddesheim.de\/wp-content\/uploads\/2023\/06\/AK-30-Damen-b-1930x2048-1-965x1024.jpg 965w, https:\/\/develop.gc-heddesheim.de\/wp-content\/uploads\/2023\/06\/AK-30-Damen-b-1930x2048-1-283x300.jpg 283w, https:\/\/develop.gc-heddesheim.de\/wp-content\/uploads\/2023\/06\/AK-30-Damen-b-1930x2048-1-768x815.jpg 768w, https:\/\/develop.gc-heddesheim.de\/wp-content\/uploads\/2023\/06\/AK-30-Damen-b-1930x2048-1-1448x1536.jpg 1448w, https:\/\/develop.gc-heddesheim.de\/wp-content\/uploads\/2023\/06\/AK-30-Damen-b-1930x2048-1.jpg 1930w\" sizes=\"auto, (max-width: 965px) 100vw, 965px\" \/><\/figure>\n<\/div>\n<p><strong>Kader :<\/strong><br \/>Wiebke Wartenberg, Christine Pfl\u00e4sterer,\u00a0 Stefanie Brunner, Michaela Fieber, Sabine Krstic, Lisa Benzinger, Amelie Sophie Filsinger, Ute Volkmann ,Renata Zajacova, Chantal Rothacher<\/p>\n<p><strong>Trainer:\u00a0<\/strong>Denise Sohn<br \/><strong>Kapit\u00e4n:\u00a0Ute Volkmann<\/strong><br \/><strong>Co-Kapit\u00e4n: Lisa Bentzinger<\/strong><\/p>\n<p><strong>Sportliche Erfolge:<\/strong><br \/>2014: 2. Platz in der 1. Liga und Erreichen der Endrunde<br \/>2015: Klassenerhalt 1. Liga<br \/>2016: Klassenerhalt 1. Liga<br \/>2017: BW-Vizemeister und Teilnahme an der DMM<br \/>2018: BW-Meister und Teilnahme DMM<br \/>2019: 3. Platz bei BW-Meisterschaft<\/p>\n<p><strong>Liga 2024: <\/strong> <strong>BWGV 1. Liga Gruppe A<br \/>Ziel 2024:<\/strong> <strong>unter den ersten 3\u00a0<\/strong><\/p>\n<h3 class=\"wp-block-heading has-text-align-center\">AK 30 HERREN 1.MANNSCHAFT<\/h3>\n<figure class=\"wp-block-image size-large\"><img loading=\"lazy\" decoding=\"async\" width=\"1024\" height=\"795\" src=\"https:\/\/develop.gc-heddesheim.de\/wp-content\/uploads\/2023\/06\/AK-30-Herren-4-2048x1590-1-1024x795.jpg\" alt=\"\" class=\"wp-image-2063\" srcset=\"https:\/\/develop.gc-heddesheim.de\/wp-content\/uploads\/2023\/06\/AK-30-Herren-4-2048x1590-1-1024x795.jpg 1024w, https:\/\/develop.gc-heddesheim.de\/wp-content\/uploads\/2023\/06\/AK-30-Herren-4-2048x1590-1-300x233.jpg 300w, https:\/\/develop.gc-heddesheim.de\/wp-content\/uploads\/2023\/06\/AK-30-Herren-4-2048x1590-1-768x596.jpg 768w, https:\/\/develop.gc-heddesheim.de\/wp-content\/uploads\/2023\/06\/AK-30-Herren-4-2048x1590-1-1536x1193.jpg 1536w, https:\/\/develop.gc-heddesheim.de\/wp-content\/uploads\/2023\/06\/AK-30-Herren-4-2048x1590-1.jpg 2048w\" sizes=\"auto, (max-width: 1024px) 100vw, 1024px\" \/><\/figure>\n<p><strong>Kader :<\/strong><br \/>\u00a0Dirk Schall, Marc K\u00fcnster, Robbie Sowden,\u00a0 Philipp Lampe, Christopher Dammert, Yannick Rosenberger, \u00a0Bernardo Junge, Patrick Hantschk, Gregory Chappel, Gregor Schoul,<\/p>\n<p><strong>Trainer:<\/strong>Jason Harvey<br \/><strong>Kapit\u00e4n:<\/strong>Dirk Schall<\/p>\n<p><strong>Sportliche Erfolge:<\/strong><\/p>\n<p><strong>Ligen<\/strong><br \/><strong>Ziele<\/strong><\/p>\n<h3 class=\"wp-block-heading has-text-align-center\">AK 50 DAMEN<\/h3>\n<figure class=\"wp-block-image size-full\"><img loading=\"lazy\" decoding=\"async\" width=\"1281\" height=\"1084\" src=\"https:\/\/develop.gc-heddesheim.de\/wp-content\/uploads\/2023\/06\/AK-50-Damen.jpeg\" alt=\"\" class=\"wp-image-2065\" srcset=\"https:\/\/develop.gc-heddesheim.de\/wp-content\/uploads\/2023\/06\/AK-50-Damen.jpeg 1281w, https:\/\/develop.gc-heddesheim.de\/wp-content\/uploads\/2023\/06\/AK-50-Damen-300x254.jpeg 300w, https:\/\/develop.gc-heddesheim.de\/wp-content\/uploads\/2023\/06\/AK-50-Damen-1024x867.jpeg 1024w, https:\/\/develop.gc-heddesheim.de\/wp-content\/uploads\/2023\/06\/AK-50-Damen-768x650.jpeg 768w\" sizes=\"auto, (max-width: 1281px) 100vw, 1281px\" \/><\/figure>\n<p><strong>Kader :<\/strong><br \/>Uta Bahun, Christine Benz, Elke Girnth-Bentzinger, Caroline Geukes, Heike Jansen, Annelie Klohr, Annette Krings-Weghmann, Stefanie K\u00f6brich, Gabriele Zimmermann-Lehneis<\/p>\n<p><strong>Trainer:<\/strong> Jason Harvey<br \/><strong>Kapit\u00e4n:<\/strong>\u00a0 \u00a0 \u00a0 Annette Krings-Weghmann<br \/><strong>Co- Kapit\u00e4n:\u00a0<\/strong> \u00a0 \u00a0Elke Girnth-Bentzinger<\/p>\n<p><strong>Sportliche Erfolge:<\/strong><\/p>\n<p>2023: 2. Platz in der 2. Liga<br \/>2019: 2. Platz in der 2. Liga<br \/>2009: Baden-W\u00fcrttembergischer Meister\u00a0<\/p>\n<p><strong>Liga 2024:<\/strong><br \/>BWGV 2. Liga Gruppe A<\/p>\n<p><a rel=\"noreferrer noopener\" href=\"https:\/\/www.bwgv.de\/wettspiele\/mannschaftswettspiele\/bwgv-ligaergebnisse.html\" target=\"_blank\">Ergebnisse<\/a><\/p>\n<p><strong>Ziel 2024:<br \/><\/strong>Platz unter den ersten drei<\/p>\n<h3 class=\"wp-block-heading has-text-align-center\">AK 50 HERREN<\/h3>\n<div class=\"wp-block-image\">\n<figure class=\"aligncenter size-large\"><img loading=\"lazy\" decoding=\"async\" width=\"1024\" height=\"576\" src=\"https:\/\/develop.gc-heddesheim.de\/wp-content\/uploads\/2023\/06\/AK-50-Herren-1536x864-1-1024x576.jpg\" alt=\"\" class=\"wp-image-2066\" title=\"2022_Herren Ak 50 8692\" srcset=\"https:\/\/develop.gc-heddesheim.de\/wp-content\/uploads\/2023\/06\/AK-50-Herren-1536x864-1-1024x576.jpg 1024w, https:\/\/develop.gc-heddesheim.de\/wp-content\/uploads\/2023\/06\/AK-50-Herren-1536x864-1-300x169.jpg 300w, https:\/\/develop.gc-heddesheim.de\/wp-content\/uploads\/2023\/06\/AK-50-Herren-1536x864-1-768x432.jpg 768w, https:\/\/develop.gc-heddesheim.de\/wp-content\/uploads\/2023\/06\/AK-50-Herren-1536x864-1.jpg 1536w\" sizes=\"auto, (max-width: 1024px) 100vw, 1024px\" \/><\/figure>\n<\/div>\n<p><strong>Kader :<\/strong><br \/>Ulrich Schuppler, Tomas Mainx, Thomas Krieger, Stefan Wiss, Thomas Mollet, Bernd G\u00e4rtner, Claus M\u00fchlfeit, Oliver \u00dcbelh\u00f6r, Dirk Kaliebe, Ian Watters, Peter Kaiser, Volker Kiss, Thorsten Fillmann, Volker Karthaus, Dirk Schall, Husejin Terzic, Joseph Heeg, Henrik Hausen\u00a0<\/p>\n<p><strong>Trainer:<\/strong> Jochen Koneczny und Denise Sohn<br \/><strong>Kapit\u00e4n:<\/strong> Dirk Kaliebe und Volker Kiss<\/p>\n<p>\u00a0<strong>Sportliche Erfolge:<\/strong><br \/>2021 Sieger beim Final Four<br \/>2022 Viezemeister beim Final Four<br \/>2023 Dritter Platz beim Final Four<\/p>\n<p>2022 Platz 9 bei den Deutschen Mannschaftsmeisterschaften in Hamburg<\/p>\n<p><strong>Ligen 2024 &#8211; Ziel :&nbsp; &nbsp;&nbsp;<\/strong>&nbsp;Qualifikation f\u00fcr das Final Four&nbsp; &nbsp; &nbsp; &nbsp;<\/p>\n<h3 class=\"wp-block-heading has-text-align-center\">AK 65 HERREN<\/h3>\n<figure class=\"wp-block-image size-full\"><img loading=\"lazy\" decoding=\"async\" width=\"640\" height=\"452\" src=\"https:\/\/develop.gc-heddesheim.de\/wp-content\/uploads\/2023\/06\/AK-65-2.jpg\" alt=\"\" class=\"wp-image-2067\" srcset=\"https:\/\/develop.gc-heddesheim.de\/wp-content\/uploads\/2023\/06\/AK-65-2.jpg 640w, https:\/\/develop.gc-heddesheim.de\/wp-content\/uploads\/2023\/06\/AK-65-2-300x212.jpg 300w\" sizes=\"auto, (max-width: 640px) 100vw, 640px\" \/><\/figure>\n<p><strong>Kader<br \/><\/strong>Erwin Lehmann, Klaus Joachim, Rudi Lang, Meinhard B\u00fcchner, Manfred Bross, Bernd Lang, Adi Brunner, Dr. Thomas Kilpper, Dr. Wolfgang J\u00e4ckel, Stefan Bahun, (es fehlt Peter Taufertsh\u00f6fer)<\/p>\n<p><strong>Trainer:<\/strong> Jochen Koneczny<br \/><strong>Kapit\u00e4n:<\/strong> Manfred Bro\u00df<\/p>\n<p>&nbsp;<strong>Sportliche Erfolge:<\/strong><\/p>\n<p><strong>Liga&nbsp; &nbsp; &nbsp; &nbsp; &nbsp; &nbsp; &nbsp; &nbsp; &nbsp; &nbsp; &nbsp; &nbsp; &nbsp; &nbsp; &nbsp; &nbsp; &nbsp;<\/strong>&nbsp;<strong><\/strong><\/p>\n<p><a href=\"https:\/\/www.bwgv.de\/wettspiele\/mannschaftswettspiele\/bwgv-ligaergebnisse.html\" target=\"_blank\" rel=\"noreferrer noopener\">Ergebnisse<\/a><\/p>\n<p><strong>Ziele&nbsp;<\/strong><\/p>\n<\/div><\/div><\/div><\/div><\/div>[\/vc_column][\/vc_row]\n","protected":false},"excerpt":{"rendered":"<p>[vc_row][vc_column][\/vc_column][vc_column][\/vc_column][\/vc_row][vc_row][vc_column width=&#8220;5\/6&#8243; offset=&#8220;vc_col-lg-offset-2 vc_col-lg-8 vc_col-xs-offset-1 vc_col-xs-10&#8243;][\/vc_column][\/vc_row]<\/p>\n","protected":false},"author":1,"featured_media":0,"parent":0,"menu_order":0,"comment_status":"closed","ping_status":"closed","template":"","meta":{"footnotes":""},"class_list":["post-1325","page","type-page","status-publish","hentry","entry","no-media"],"_links":{"self":[{"href":"https:\/\/develop.gc-heddesheim.de\/index.php?rest_route=\/wp\/v2\/pages\/1325","targetHints":{"allow":["GET"]}}],"collection":[{"href":"https:\/\/develop.gc-heddesheim.de\/index.php?rest_route=\/wp\/v2\/pages"}],"about":[{"href":"https:\/\/develop.gc-heddesheim.de\/index.php?rest_route=\/wp\/v2\/types\/page"}],"author":[{"embeddable":true,"href":"https:\/\/develop.gc-heddesheim.de\/index.php?rest_route=\/wp\/v2\/users\/1"}],"replies":[{"embeddable":true,"href":"https:\/\/develop.gc-heddesheim.de\/index.php?rest_route=%2Fwp%2Fv2%2Fcomments&post=1325"}],"version-history":[{"count":4,"href":"https:\/\/develop.gc-heddesheim.de\/index.php?rest_route=\/wp\/v2\/pages\/1325\/revisions"}],"predecessor-version":[{"id":1653,"href":"https:\/\/develop.gc-heddesheim.de\/index.php?rest_route=\/wp\/v2\/pages\/1325\/revisions\/1653"}],"wp:attachment":[{"href":"https:\/\/develop.gc-heddesheim.de\/index.php?rest_route=%2Fwp%2Fv2%2Fmedia&parent=1325"}],"curies":[{"name":"wp","href":"https:\/\/api.w.org\/{rel}","templated":true}]}}