{"id":1329,"date":"2023-06-01T17:25:04","date_gmt":"2023-06-01T15:25:04","guid":{"rendered":"https:\/\/develop.gc-heddesheim.de\/?page_id=1329"},"modified":"2025-03-28T14:57:27","modified_gmt":"2025-03-28T13:57:27","slug":"jugendfoerderverein","status":"publish","type":"page","link":"https:\/\/develop.gc-heddesheim.de\/?page_id=1329","title":{"rendered":"jugendfoerderverein"},"content":{"rendered":"[vc_row][vc_column]<figure class=\"vcex-image vcex-module wpex-clr\"><div class=\"vcex-image-inner wpex-relative wpex-inline-block\"><img decoding=\"async\" width=\"1920\" height=\"475\" src=\"https:\/\/develop.gc-heddesheim.de\/wp-content\/uploads\/2023\/06\/jugend_foerderverein_9I1A6332.jpg\" class=\"wpex-align-middle\" alt=\"\" loading=\"lazy\" srcset=\"https:\/\/develop.gc-heddesheim.de\/wp-content\/uploads\/2023\/06\/jugend_foerderverein_9I1A6332.jpg 1920w, https:\/\/develop.gc-heddesheim.de\/wp-content\/uploads\/2023\/06\/jugend_foerderverein_9I1A6332-300x74.jpg 300w, https:\/\/develop.gc-heddesheim.de\/wp-content\/uploads\/2023\/06\/jugend_foerderverein_9I1A6332-1024x253.jpg 1024w, https:\/\/develop.gc-heddesheim.de\/wp-content\/uploads\/2023\/06\/jugend_foerderverein_9I1A6332-768x190.jpg 768w, https:\/\/develop.gc-heddesheim.de\/wp-content\/uploads\/2023\/06\/jugend_foerderverein_9I1A6332-1536x380.jpg 1536w\" sizes=\"auto, (max-width: 1920px) 100vw, 1920px\" \/><\/div><\/figure>[\/vc_column][vc_column]<div class=\"vcex-heading vcex-module wpex-text-2xl wpex-font-normal wpex-m-auto wpex-max-w-100 vcex-heading-plain wpex-block wpex-text-center vc_custom_1685689517705\"><span class=\"vcex-heading-inner wpex-inline-block wpex-clr\">Jugendf\u00f6rderverein<\/span><\/div>[\/vc_column][\/vc_row][vc_row][vc_column width=&#8220;5\/6&#8243; offset=&#8220;vc_col-lg-offset-2 vc_col-lg-8 vc_col-xs-offset-1 vc_col-xs-10&#8243;][vc_column_text]Das breite Angebot f\u00fcr Kinder und Jugendliche w\u00e4re ohne die Jugendf\u00f6rderung des Golfclub Heddesheim nicht m\u00f6glich. Der &#8222;Heddesheimer Verein zur F\u00f6rderung jugendlicher Golfspieler e.V.&#8220; wurde im Jahr 2000 gegr\u00fcndet und verfolgt ausschlie\u00dflich gemeinn\u00fctzige Zwecke.<\/p>\n<p>Er f\u00f6rdert die Organisation und Durchf\u00fchrung von Golffortbildungsma\u00dfnahmen &#8211; insbesondere Training und Wettspiele &#8211; f\u00fcr interessierte Jugendliche in Nordbaden , S\u00fcdhessen und der Bergstrasse.<\/p>\n<p>Unter der Leitung\u00a0 von Jens Fehrenbach, arbeitet er eng mit den verantwortlichen Trainern und dem Jugendwart Frank Ruland zusammen und garantiert einen bestm\u00f6glichen Einsatz der Mittel und die maximale F\u00f6rderung der Jugendlichen.<\/p>\n<p>Der F\u00f6rderverein startete in 2016 eine Spendeninitiative, die es Spendern erm\u00f6glicht, einen Spendenbeitrag durch die Ausstellung einer Spendenquittung steuerlich geltend zu machen.<\/p>\n<p>Der Spender &#8211; Einzelperson oder Firma &#8211; erkl\u00e4rt sich bereit mindestens \u20ac 100,00 pro Jahr f\u00fcr 3 Jahre zu spenden.<\/p>\n<p>Jeder Spender erh\u00e4lt nach Leistung der ersten Spende auf Wunsch eine kostenlose Namensnennung oder Firmendarstellung f\u00fcr die Dauer der Spende (mindestens 3 Jahre) auf einer vom F\u00f6rderverein installierten Spendertafel im Eingangsbereich unserer Golfanlage.<\/p>\n<p>Mit diesen Betr\u00e4gen stellen wir eine mittelfristig stabile Unterst\u00fctzung f\u00fcr unsere Jugendarbeit sicher.[\/vc_column_text]<div class=\"vcex-heading vcex-module wpex-text-2xl wpex-font-normal wpex-m-auto wpex-max-w-100 vcex-heading-plain wpex-block wpex-text-center vc_custom_1685689531108\" style=\"color:#166151;font-size:20px;\"><span class=\"vcex-heading-inner wpex-inline-block wpex-clr\">Sie m\u00f6chten lieber eines unserer offenen Jugendturniere im GC Heddesheim sponsern?<\/span><\/div>[vc_column_text]Mit einem Spendenbeitrag ab \u20ac 750,00 werden sie Namenssponsor f\u00fcr ein Jugendturnier und erhalten neben der Spendenbescheinigung die M\u00f6glichkeit sich oder Ihre Firma im Rahmen des Turniers, der Vorbereitung und Berichterstattung zu positionieren.[\/vc_column_text]<div class=\"vcex-heading vcex-module wpex-text-2xl wpex-font-normal wpex-m-auto wpex-max-w-100 vcex-heading-plain wpex-block wpex-text-center vc_custom_1685689794896\" style=\"color:#166151;font-size:20px;\"><span class=\"vcex-heading-inner wpex-inline-block wpex-clr\">Oder Sie m\u00f6chten die Jugend einfach mit einem beliebigen Betrag unterst\u00fctzen?<\/span><\/div>[vc_column_text]Wenn Sie die Jugendarbeit des Golfclub Heddesheim einfach mit einem beliebigen Betrag oder auf andere Weise unterst\u00fctzen wollen? Sprechen Sie uns bitte an oder vereinbaren Sie einen pers\u00f6nlichen Gespr\u00e4chstermin per Email oder telefonisch.<\/p>\n<p>Ab \u20ac 100,00 erhalten sie schon eine Spendenbescheinigung.<\/p>\n<p>Kontoverbindung:<br \/>\nHeddesheimer Verein zur F\u00f6rderung jugendlicher Golfspieler e.V.<br \/>\nBank: \u00a0 \u00a0 \u00a0 \u00a0 \u00a0 \u00a0Sparkasse Rhein-Neckar Nord<br \/>\nIBAN-Nr.:\u00a0\u00a0\u00a0\u00a0\u00a0DE 96 6705 0505\u00a00063 0094 74<br \/>\nBIC :\u00a0\u00a0\u00a0\u00a0\u00a0\u00a0\u00a0\u00a0\u00a0\u00a0\u00a0\u00a0\u00a0\u00a0MANSDE66XXX[\/vc_column_text]<div class=\"vcex-heading vcex-module wpex-text-2xl wpex-font-normal wpex-m-auto wpex-max-w-100 vcex-heading-plain wpex-block wpex-text-center vc_custom_1685689868336\" style=\"color:#166151;font-size:20px;\"><span class=\"vcex-heading-inner wpex-inline-block wpex-clr\">Der Jugend geh\u00f6rt die Zukunft, dem Spender der Augenblick voller Dankbarkeit.<\/span><\/div>[\/vc_column][\/vc_row]\n","protected":false},"excerpt":{"rendered":"<p>[vc_row][vc_column][\/vc_column][vc_column][\/vc_column][\/vc_row][vc_row][vc_column width=&#8220;5\/6&#8243; offset=&#8220;vc_col-lg-offset-2 vc_col-lg-8 vc_col-xs-offset-1 vc_col-xs-10&#8243;][vc_column_text]Das breite Angebot f\u00fcr Kinder und Jugendliche w\u00e4re ohne die Jugendf\u00f6rderung des Golfclub Heddesheim nicht m\u00f6glich. Der &#8222;Heddesheimer Verein zur F\u00f6rderung jugendlicher Golfspieler e.V.&#8220; wurde im Jahr 2000 gegr\u00fcndet und verfolgt ausschlie\u00dflich gemeinn\u00fctzige Zwecke. Er f\u00f6rdert die Organisation und Durchf\u00fchrung von Golffortbildungsma\u00dfnahmen &#8211; insbesondere Training und Wettspiele &#8211; f\u00fcr interessierte&hellip;<\/p>\n","protected":false},"author":1,"featured_media":0,"parent":0,"menu_order":0,"comment_status":"closed","ping_status":"closed","template":"","meta":{"footnotes":""},"class_list":["post-1329","page","type-page","status-publish","hentry","entry","no-media"],"_links":{"self":[{"href":"https:\/\/develop.gc-heddesheim.de\/index.php?rest_route=\/wp\/v2\/pages\/1329","targetHints":{"allow":["GET"]}}],"collection":[{"href":"https:\/\/develop.gc-heddesheim.de\/index.php?rest_route=\/wp\/v2\/pages"}],"about":[{"href":"https:\/\/develop.gc-heddesheim.de\/index.php?rest_route=\/wp\/v2\/types\/page"}],"author":[{"embeddable":true,"href":"https:\/\/develop.gc-heddesheim.de\/index.php?rest_route=\/wp\/v2\/users\/1"}],"replies":[{"embeddable":true,"href":"https:\/\/develop.gc-heddesheim.de\/index.php?rest_route=%2Fwp%2Fv2%2Fcomments&post=1329"}],"version-history":[{"count":3,"href":"https:\/\/develop.gc-heddesheim.de\/index.php?rest_route=\/wp\/v2\/pages\/1329\/revisions"}],"predecessor-version":[{"id":2050,"href":"https:\/\/develop.gc-heddesheim.de\/index.php?rest_route=\/wp\/v2\/pages\/1329\/revisions\/2050"}],"wp:attachment":[{"href":"https:\/\/develop.gc-heddesheim.de\/index.php?rest_route=%2Fwp%2Fv2%2Fmedia&parent=1329"}],"curies":[{"name":"wp","href":"https:\/\/api.w.org\/{rel}","templated":true}]}}