{"id":1333,"date":"2023-06-01T17:25:45","date_gmt":"2023-06-01T15:25:45","guid":{"rendered":"https:\/\/develop.gc-heddesheim.de\/?page_id=1333"},"modified":"2025-03-28T15:15:07","modified_gmt":"2025-03-28T14:15:07","slug":"leistungssportgruppen","status":"publish","type":"page","link":"https:\/\/develop.gc-heddesheim.de\/?page_id=1333","title":{"rendered":"Leistungssportgruppen"},"content":{"rendered":"[vc_row][vc_column]<figure class=\"vcex-image vcex-module wpex-clr\"><div class=\"vcex-image-inner wpex-relative wpex-inline-block\"><img decoding=\"async\" width=\"1920\" height=\"475\" src=\"https:\/\/develop.gc-heddesheim.de\/wp-content\/uploads\/2023\/06\/jugend_foerdergruppe_header_IMG-20160725-WA0002.jpg\" class=\"wpex-align-middle\" alt=\"\" loading=\"lazy\" srcset=\"https:\/\/develop.gc-heddesheim.de\/wp-content\/uploads\/2023\/06\/jugend_foerdergruppe_header_IMG-20160725-WA0002.jpg 1920w, https:\/\/develop.gc-heddesheim.de\/wp-content\/uploads\/2023\/06\/jugend_foerdergruppe_header_IMG-20160725-WA0002-300x74.jpg 300w, https:\/\/develop.gc-heddesheim.de\/wp-content\/uploads\/2023\/06\/jugend_foerdergruppe_header_IMG-20160725-WA0002-1024x253.jpg 1024w, https:\/\/develop.gc-heddesheim.de\/wp-content\/uploads\/2023\/06\/jugend_foerdergruppe_header_IMG-20160725-WA0002-768x190.jpg 768w, https:\/\/develop.gc-heddesheim.de\/wp-content\/uploads\/2023\/06\/jugend_foerdergruppe_header_IMG-20160725-WA0002-1536x380.jpg 1536w\" sizes=\"auto, (max-width: 1920px) 100vw, 1920px\" \/><\/div><\/figure>[\/vc_column][vc_column]<div class=\"vcex-heading vcex-module wpex-text-2xl wpex-font-normal wpex-m-auto wpex-max-w-100 vcex-heading-plain wpex-block wpex-text-center vc_custom_1685690672384\"><span class=\"vcex-heading-inner wpex-inline-block wpex-clr\">LEISTUNGSSPORTGRUPPEN<\/span><\/div>[\/vc_column][\/vc_row][vc_row][vc_column width=&#8220;5\/6&#8243; offset=&#8220;vc_col-lg-offset-2 vc_col-lg-8 vc_col-xs-offset-1 vc_col-xs-10&#8243;][vc_column_text css=&#8220;.vc_custom_1743171304260{margin-bottom: 60px !important;}&#8220;]Aufbauend auf dem normalen Trainingsbetrieb des Basistrainings, gibt es bei uns eine Kaderstruktur, die als n\u00e4chste Stufe das Leistungsniveau verbessern will.<\/p>\n<p>Eine Spielberechtigung f\u00fcr die F\u00f6rder- und Leistungskader wird nach aktuellen Turnierergebnissen, einer Einsch\u00e4tzung der Trainer sowie Trainingsflei\u00df erteilt. F\u00fcr alle Kaderspieler gibt es weitere Trainingsangebote, mit dem Hauptfokus auf intensivem Techniktraining, Mentaltraining und Turnier- bzw. Wettkampfvorbereitung. Diese clubinterne F\u00f6rderung erg\u00e4nzt auch die entsprechenden Aktivit\u00e4ten des F\u00f6rder- oder Landeskaders im Baden-W\u00fcrttembergischen Golfverband (BWGV) (https:\/\/www.bwgv.de\/jugendfoerderung\/nachwuchsfoerderung.html) oder dem Nationalkader des Deutschen Golfverband (DGV) (https:\/\/golf.de\/sport\/schwarz-rot-gold\/golf-team-germany.html)[\/vc_column_text]<div class=\"wpex-post-cards wpex-post-cards-template_1406 wpex-relative\"><div class=\"wpex-post-cards-inner\"><div class=\"wpex-post-cards-loop wpex-post-cards-grid wpex-row wpex-clr\"><div class=\"wpex-post-cards-entry post-1402 type-post col col-1 span_1_of_1 cat-1 post_series-29\"><div class=\"wpex-card wpex-card-template_1406\"><style>.vc_custom_1685691188506{margin-top: 40px !important;margin-bottom: 40px !important;padding-right: 15px !important;padding-left: 15px !important;}<\/style><a href=\"https:\/\/develop.gc-heddesheim.de\/?p=1402\" aria-label=\"DIE AKTUELLEN\u00a0LEISTUNGSGRUPPEN UND IHRE TRAINER (STAND: 2020)\" class=\"wpex-card-inner wpex-no-underline wpex-inherit-color\"><div class=\"vc_row wpb_row vc_row-fluid\"><div class=\"wpb_column vc_column_container vc_col-sm-12\"><div class=\"vc_column-inner\"><div class=\"wpb_wrapper\"><div class=\"vcex-heading vcex-module wpex-text-2xl wpex-font-normal wpex-m-auto wpex-max-w-100 vcex-heading-plain wpex-block wpex-text-center vc_custom_1685691188506\" style=\"color:#166151;font-size:20px;\"><span class=\"vcex-heading-inner wpex-inline-block wpex-clr\">DIE AKTUELLEN\u00a0LEISTUNGSGRUPPEN UND IHRE TRAINER (STAND: 2020)<\/span><\/div><\/div><\/div><\/div><\/div><div class=\"vc_row wpb_row vc_row-fluid\"><div class=\"wpb_column vc_column_container vc_col-sm-12\"><div class=\"vc_column-inner\"><div class=\"wpb_wrapper\">\n<div  class=\"vcex-post-content vcex-clr\">\n\n\t\n\t\t\t\t\t<div class=\"vcex-post-content-c wpex-clr\">\n<p><strong>AK 14<\/strong><br>Trainer: Mike Cole<\/p>\n\n\n\n<table id=\"tablepress-22\" class=\"tablepress tablepress-id-22\">\n<tbody>\n<tr class=\"row-1 odd\">\n\t<td class=\"column-1\">Lukas<\/td><td class=\"column-2\">Fritsch<\/td>\n<\/tr>\n<tr class=\"row-2 even\">\n\t<td class=\"column-1\">Leonard<\/td><td class=\"column-2\">Rheinbold<\/td>\n<\/tr>\n<tr class=\"row-3 odd\">\n\t<td class=\"column-1\">Ian<\/td><td class=\"column-2\">Heeg<\/td>\n<\/tr>\n<tr class=\"row-4 even\">\n\t<td class=\"column-1\">Filio<\/td><td class=\"column-2\">Recknagel<\/td>\n<\/tr>\n<tr class=\"row-5 odd\">\n\t<td class=\"column-1\">Max<\/td><td class=\"column-2\">Ruland<\/td>\n<\/tr>\n<tr class=\"row-6 even\">\n\t<td class=\"column-1\">Lukas<\/td><td class=\"column-2\">Junge<\/td>\n<\/tr>\n<\/tbody>\n<\/table>\n<!-- #tablepress-22 from cache -->\n\n\n<p><strong>AK 18<\/strong><br>Trainer: Jochen Koneczny<\/p>\n\n\n\n<table id=\"tablepress-23\" class=\"tablepress tablepress-id-23\">\n<tbody>\n<tr class=\"row-1 odd\">\n\t<td class=\"column-1\">Bj\u00f6rn<\/td><td class=\"column-2\">Holzhauer<\/td>\n<\/tr>\n<tr class=\"row-2 even\">\n\t<td class=\"column-1\">David<\/td><td class=\"column-2\">Hahn<\/td>\n<\/tr>\n<tr class=\"row-3 odd\">\n\t<td class=\"column-1\">Lukas<\/td><td class=\"column-2\">Wallmeroth<\/td>\n<\/tr>\n<tr class=\"row-4 even\">\n\t<td class=\"column-1\">Alea<\/td><td class=\"column-2\">Luft<\/td>\n<\/tr>\n<tr class=\"row-5 odd\">\n\t<td class=\"column-1\">Marie<\/td><td class=\"column-2\">Ruland<\/td>\n<\/tr>\n<tr class=\"row-6 even\">\n\t<td class=\"column-1\">Cedric<\/td><td class=\"column-2\">Joachim<\/td>\n<\/tr>\n<tr class=\"row-7 odd\">\n\t<td class=\"column-1\">Peter<\/td><td class=\"column-2\">Schollenberger<\/td>\n<\/tr>\n<tr class=\"row-8 even\">\n\t<td class=\"column-1\">Ismael<\/td><td class=\"column-2\">Arp-Wiese<\/td>\n<\/tr>\n<tr class=\"row-9 odd\">\n\t<td class=\"column-1\">Lucas<\/td><td class=\"column-2\">Wolbert<\/td>\n<\/tr>\n<\/tbody>\n<\/table>\n<!-- #tablepress-23 from cache -->\n\n\n<p><strong>&nbsp;Leistungsgruppe M\u00e4dchen<\/strong><br>Trainer: Jason Harvey<\/p>\n\n\n\n<table id=\"tablepress-21\" class=\"tablepress tablepress-id-21\">\n<tbody>\n<tr class=\"row-1 odd\">\n\t<td class=\"column-1\">Luise Unger<\/td><td class=\"column-2\">Jg. 2007<\/td>\n<\/tr>\n<tr class=\"row-2 even\">\n\t<td class=\"column-1\">Elena Fehrenbach<\/td><td class=\"column-2\">Jg. 2008<\/td>\n<\/tr>\n<tr class=\"row-3 odd\">\n\t<td class=\"column-1\">Tabea Watschon<\/td><td class=\"column-2\">Jg. 2008<\/td>\n<\/tr>\n<tr class=\"row-4 even\">\n\t<td class=\"column-1\">Luise Fehrenbach<\/td><td class=\"column-2\">Jg. 2010<\/td>\n<\/tr>\n<tr class=\"row-5 odd\">\n\t<td class=\"column-1\">Eva Fritsch<\/td><td class=\"column-2\">Jg. 2009<\/td>\n<\/tr>\n<\/tbody>\n<\/table>\n<!-- #tablepress-21 from cache --><\/div>\n\n\t\t\t\t\t\n\t\n\t\n<\/div><\/div><\/div><\/div><\/div>\n<\/a><\/div><\/div><\/div><\/div><\/div>[\/vc_column][\/vc_row][vc_row][vc_column][\/vc_column][\/vc_row]\n","protected":false},"excerpt":{"rendered":"AK 14Trainer: Mike Cole LukasFritsch LeonardRheinbold IanHeeg FilioRecknagel MaxRuland LukasJunge AK 18Trainer: Jochen Koneczny Bj\u00f6rnHolzhauer DavidHahn LukasWallmeroth AleaLuft MarieRuland CedricJoachim PeterSchollenberger IsmaelArp-Wiese LucasWolbert &nbsp;Leistungsgruppe M\u00e4dchenTrainer: Jason Harvey Luise UngerJg. 2007 Elena FehrenbachJg. 2008 Tabea WatschonJg. 2008 Luise FehrenbachJg. 2010 Eva FritschJg. 2009","protected":false},"author":1,"featured_media":0,"parent":0,"menu_order":0,"comment_status":"closed","ping_status":"closed","template":"","meta":{"footnotes":""},"class_list":["post-1333","page","type-page","status-publish","hentry","entry","no-media"],"_links":{"self":[{"href":"https:\/\/develop.gc-heddesheim.de\/index.php?rest_route=\/wp\/v2\/pages\/1333","targetHints":{"allow":["GET"]}}],"collection":[{"href":"https:\/\/develop.gc-heddesheim.de\/index.php?rest_route=\/wp\/v2\/pages"}],"about":[{"href":"https:\/\/develop.gc-heddesheim.de\/index.php?rest_route=\/wp\/v2\/types\/page"}],"author":[{"embeddable":true,"href":"https:\/\/develop.gc-heddesheim.de\/index.php?rest_route=\/wp\/v2\/users\/1"}],"replies":[{"embeddable":true,"href":"https:\/\/develop.gc-heddesheim.de\/index.php?rest_route=%2Fwp%2Fv2%2Fcomments&post=1333"}],"version-history":[{"count":7,"href":"https:\/\/develop.gc-heddesheim.de\/index.php?rest_route=\/wp\/v2\/pages\/1333\/revisions"}],"predecessor-version":[{"id":2054,"href":"https:\/\/develop.gc-heddesheim.de\/index.php?rest_route=\/wp\/v2\/pages\/1333\/revisions\/2054"}],"wp:attachment":[{"href":"https:\/\/develop.gc-heddesheim.de\/index.php?rest_route=%2Fwp%2Fv2%2Fmedia&parent=1333"}],"curies":[{"name":"wp","href":"https:\/\/api.w.org\/{rel}","templated":true}]}}