{"id":1357,"date":"2023-06-01T17:34:13","date_gmt":"2023-06-01T15:34:13","guid":{"rendered":"https:\/\/develop.gc-heddesheim.de\/?page_id=1357"},"modified":"2023-10-09T12:14:13","modified_gmt":"2023-10-09T10:14:13","slug":"presseberichte","status":"publish","type":"page","link":"https:\/\/develop.gc-heddesheim.de\/?page_id=1357","title":{"rendered":"Presseberichte"},"content":{"rendered":"[vc_row][vc_column]<figure class=\"vcex-image vcex-module wpex-clr\"><div class=\"vcex-image-inner wpex-relative wpex-inline-block\"><img decoding=\"async\" width=\"1920\" height=\"560\" src=\"https:\/\/develop.gc-heddesheim.de\/wp-content\/uploads\/2023\/06\/IMG_0320_mediathek-presseberichte-1.jpg\" class=\"wpex-align-middle\" alt=\"\" loading=\"lazy\" srcset=\"https:\/\/develop.gc-heddesheim.de\/wp-content\/uploads\/2023\/06\/IMG_0320_mediathek-presseberichte-1.jpg 1920w, https:\/\/develop.gc-heddesheim.de\/wp-content\/uploads\/2023\/06\/IMG_0320_mediathek-presseberichte-1-300x88.jpg 300w, https:\/\/develop.gc-heddesheim.de\/wp-content\/uploads\/2023\/06\/IMG_0320_mediathek-presseberichte-1-1024x299.jpg 1024w, https:\/\/develop.gc-heddesheim.de\/wp-content\/uploads\/2023\/06\/IMG_0320_mediathek-presseberichte-1-768x224.jpg 768w, https:\/\/develop.gc-heddesheim.de\/wp-content\/uploads\/2023\/06\/IMG_0320_mediathek-presseberichte-1-1536x448.jpg 1536w\" sizes=\"auto, (max-width: 1920px) 100vw, 1920px\" \/><\/div><\/figure>[\/vc_column][vc_column]<div class=\"vcex-heading vcex-module wpex-text-2xl wpex-font-normal wpex-m-auto wpex-max-w-100 vcex-heading-plain wpex-block wpex-text-center vc_custom_1685698163970\"><span class=\"vcex-heading-inner wpex-inline-block wpex-clr\">Mediathek<\/span><\/div><div class=\"vcex-heading vcex-module wpex-text-2xl wpex-font-normal wpex-m-auto wpex-max-w-100 vcex-heading-plain wpex-block wpex-text-center vc_custom_1685698178634\" style=\"color:#166151;font-size:20px;\"><span class=\"vcex-heading-inner wpex-inline-block wpex-clr\">Presseberichte<\/span><\/div>[\/vc_column][\/vc_row][vc_row][vc_column width=&#8220;5\/6&#8243; offset=&#8220;vc_col-lg-offset-2 vc_col-lg-8 vc_col-xs-offset-1 vc_col-xs-10&#8243;][vc_column_text]\n<h4>2019<\/h4>\n<p>&nbsp;<\/p>\n<h4>HIER FINDEN SIE\u00a0DIE PRESSEVER\u00d6FFENTLICHUNGEN UNSERER TURNIERE UND VERANSTALTUNGEN.<br \/>\nSCHAUEN SIE BITTE AUCH IN DER ONLINE PRESSE: WWW.VIERNHEIM-ONLINE.DE<\/h4>\n<p>&nbsp;<\/p>\n<h4>11.11.2019<br \/>\nSAISONABSCHLUSS F\u00dcR JUNGE GOLFER<\/h4>\n<p><a href=\"https:\/\/develop.gc-heddesheim.de\/wp-content\/uploads\/2023\/10\/19JugendKlingmann.pdf\">Hier\u00a0geht es zum Artikel der BAZ vom 09.11.2019.<\/a><\/p>\n<p>&nbsp;<\/p>\n<h4>11.11.2019<br \/>\nSENIORS SEASONS END TURNIER<\/h4>\n<p><a href=\"https:\/\/develop.gc-heddesheim.de\/wp-content\/uploads\/2023\/10\/19SeniorsSeasonsEnd.pdf\">Hier<\/a>\u00a0geht es zum Artikel aus dem Viernheimer Tageblatt vom 07.11.2019.<\/p>\n<p>&nbsp;<\/p>\n<h4>17.06.2019<br \/>\nSENIORS CAPTAIN DES GOLFCLUB HEDDESHEIM TRIFFT PRESSEVERTRETER<\/h4>\n<p><a href=\"https:\/\/develop.gc-heddesheim.de\/wp-content\/uploads\/2023\/10\/Seniors-trifft-Pressevertreter.pdf\"><u>Hier<\/u><\/a>\u00a0geht es zum Artikel aus dem Viernheimer Tageblatt vom 17.06.2019.<\/p>\n<p>&nbsp;<\/p>\n<h4>13.06.2019<br \/>\nJUGEND ZEIGT IHR K\u00d6NNEN<\/h4>\n<p><a href=\"https:\/\/develop.gc-heddesheim.de\/wp-content\/uploads\/2023\/10\/VM.jpg\" target=\"_blank\" rel=\"noopener noreferrer\"><u>Hier<\/u><\/a>\u00a0geht es zum Artikel aus dem Mannheimer Morgen \/ Vereinsmorgen vom 13.06.2019.<\/p>\n<p>&nbsp;<\/p>\n<h4>31.05.2019<br \/>\nGOLF-SENIOREN DES GOLFCLUB HEDDESHEIM MIT WEITEREM GOLFTURNIER<br \/>\n<span style=\"text-decoration: underline;\"><a href=\"https:\/\/develop.gc-heddesheim.de\/wp-content\/uploads\/2023\/10\/Senioren-Golf.pdf\" target=\"_blank\" rel=\"noopener noreferrer\">PRESSEARTIKEL VT<\/a><\/span><\/h4>\n<p>&nbsp;<\/p>\n<h4>29.05.2019<br \/>\nVR TALENTIADE GOLF 2019: SUPER ERGENISSE AK 9 UND AK 11<br \/>\n<span style=\"text-decoration: underline;\"><a href=\"https:\/\/develop.gc-heddesheim.de\/wp-content\/uploads\/2023\/10\/VR-Talentiade-Golf-2019.pdf\" target=\"_blank\" rel=\"noopener noreferrer\">PRESSEARTIKEL VT<\/a><\/span><\/h4>\n<p>&nbsp;<\/p>\n<h4>28.05.2019<br \/>\nBUNDESLIGA &#8211; GOLFER DES GC HEDDESHEIN NUTZEN HEIMVORTEIL<\/h4>\n<p>HIER GEHT ES ZUM PRESSEARTIKEL VT 28.05.2019<\/p>\n<p><a href=\"https:\/\/develop.gc-heddesheim.de\/wp-content\/uploads\/2023\/10\/1.-Herren-und-Damenmannschaft-GC-Heddesheim.pdf\" target=\"_blank\" rel=\"noopener noreferrer\">1. Herren- und Damenmannschaft GC Heddesheim<\/a><\/p>\n<p>&nbsp;<\/p>\n<h4>22.05.2019<br \/>\nPETER HAHN SAISON LADIES DAY AUFTAKT<\/h4>\n<p><a href=\"https:\/\/www.ladiesgolftour.de\/news\/2019-05-startturnier.php\">Hier geht es zum Artikel Peter<\/a>\u00a0Hahn\u00a0\u00a0\u00a0<a href=\"https:\/\/develop.gc-heddesheim.de\/wp-content\/uploads\/2023\/10\/Peter-Hahn-Presseartikel-2019.pdf\" target=\"_blank\" rel=\"noopener noreferrer\">Peter Hahn Presseartikel 2019<\/a><\/p>\n<p>&nbsp;<\/p>\n<h4>17.05.2019<br \/>\nSAISONSTART DER KSR &#8211; KURPF\u00c4LZER SENIORENRUNDE<\/h4>\n<p><a href=\"https:\/\/develop.gc-heddesheim.de\/wp-content\/uploads\/2023\/10\/KSRScan2.pdf\" target=\"_blank\" rel=\"noopener noreferrer\">Hier geht es zum Artikel KSR<\/a><\/p>\n<p>&nbsp;<\/p>\n<h4>16.05.2019<br \/>\nGOLFCLUB WEIT VORNE &#8211; 2. SPIELTAG IM JUGENDPOKAL<\/h4>\n<p><a href=\"https:\/\/develop.gc-heddesheim.de\/wp-content\/uploads\/2023\/10\/IMG_3245.jpg\" target=\"_blank\" rel=\"noopener noreferrer\"><u>Hier<\/u><\/a>\u00a0geht es zum Artikel aus dem Mannheimer Morgen \/ Vereinsmorgen vom 15.05.2019.<\/p>\n<p>&nbsp;<\/p>\n<h4>2018<\/h4>\n<p>&nbsp;<\/p>\n<h4>18.10.2018<br \/>\nGUTE PLATZIERUNG DER AK65 BEI DEN DEUTSCHEN MANNSCHAFTSMEISTERSCHAFTEN<\/h4>\n<p><a href=\"https:\/\/develop.gc-heddesheim.de\/wp-content\/uploads\/2023\/10\/IMG_2373.jpg\" target=\"_blank\" rel=\"noopener noreferrer\"><u>Hier<\/u><\/a>\u00a0geht es zum Artikel aus dem Mannheimer Morgen \/ Vereinsmorgen vom 18.10.2018.<\/p>\n<p>&nbsp;<\/p>\n<h4>06.10.2018<br \/>\nDMM AK 16 DER M\u00c4DCHEN IM GC HEDDESHEIM<\/h4>\n<p><a href=\"https:\/\/develop.gc-heddesheim.de\/wp-content\/uploads\/2023\/10\/IMG_2327.jpg\" target=\"_blank\" rel=\"noopener noreferrer\"><u>Hier<\/u><\/a>\u00a0geht es zum Artikel aus dem Mannheimer Morgen vom 06.10.2018.<\/p>\n<p>&nbsp;<\/p>\n<h4>13.09.2018<br \/>\nAK 65 HERREN HOLT BADEN-W\u00dcRTTEMBERGISCHE MEISTERSCHAFT<\/h4>\n<p><a href=\"https:\/\/develop.gc-heddesheim.de\/wp-content\/uploads\/2023\/10\/IMG_4561.jpg\" target=\"_blank\" rel=\"noopener noreferrer\"><u>Hier<\/u><\/a>\u00a0geht es zum Artikel aus dem Mannheimer Morgen vom 13.09.2018.<\/p>\n<p>&nbsp;<\/p>\n<h4>13.09.2018<br \/>\nMEN&#8217;S DAY &#8211; INTERCLUBSPIEL MIT DEM GC PFALZ<\/h4>\n<p><a href=\"https:\/\/develop.gc-heddesheim.de\/wp-content\/uploads\/2023\/10\/IMG_2314.jpg\" target=\"_blank\" rel=\"noopener noreferrer\"><u>Hier<\/u><\/a>\u00a0geht es zum Artikel aus dem Mannheimer Morgen \/ Vereinsmorgen vom 13.09.2018.<\/p>\n<p>&nbsp;<\/p>\n<h4>15.08.2018<br \/>\nDOPPEL-AUFSTIEG F\u00dcR HEDDESHEIM<\/h4>\n<p><a href=\"https:\/\/develop.gc-heddesheim.de\/wp-content\/uploads\/2023\/10\/IMG_2240.jpg\" target=\"_blank\" rel=\"noopener noreferrer\"><u>Hier<\/u><\/a>\u00a0geht es zum Artikel aus dem Mannheimer Morgen vom 15.08.2018.<\/p>\n<p>&nbsp;<\/p>\n<h4>28.07.2018<br \/>\nKITZB\u00dcHEL CUP POWERED BY CORDIAL HOTELS<\/h4>\n<p><a href=\"https:\/\/develop.gc-heddesheim.de\/wp-content\/uploads\/2023\/10\/Bericht-Viernheimer-Tageblatt.jpg\" target=\"_blank\" rel=\"noopener noreferrer\"><u>Hier<\/u><\/a>\u00a0geht es zum Artikel aus dem Viernheimer Tageblatt vom 28.07.2018.<\/p>\n<p>&nbsp;<\/p>\n<h4>12.07.2018<br \/>\nLADIES DAY VERANSTALTET BORGI BERG GED\u00c4CHTNISTURNIER<\/h4>\n<p><a href=\"https:\/\/develop.gc-heddesheim.de\/wp-content\/uploads\/2023\/10\/IMG_2026.jpg\" target=\"_blank\" rel=\"noopener noreferrer\"><u>Hier<\/u><\/a>\u00a0geht es zum Artikel aus dem Mannheimer Morgen \/ Vereinsmorgen vom 12.07.2018.<\/p>\n<p>&nbsp;<\/p>\n<h4>14.06.2018<br \/>\nJUGENDLICHE GOLFER DES GC HEDDESHEIM WIEDER MIT TOLLEN ERGEBNISSEN<\/h4>\n<p>Mannheimer Morgen \/ Vereinsmorgen vom 14.06.2018:<\/p>\n<p><u><a href=\"https:\/\/develop.gc-heddesheim.de\/wp-content\/uploads\/2023\/10\/IMG_1846.jpg\" target=\"_blank\" rel=\"noopener noreferrer\">Artikel 1<\/a><br \/>\n<\/u><a href=\"https:\/\/develop.gc-heddesheim.de\/wp-content\/uploads\/2023\/10\/IMG_1847.jpg\" target=\"_blank\" rel=\"noopener noreferrer\"><u>Artikel 2<\/u><\/a><\/p>\n<p>&nbsp;<\/p>\n<h4>26.04.2018<br \/>\nGOLFJUGEND HEDDESHEIM ER\u00d6FFNET DIE SAISON<\/h4>\n<p><a href=\"https:\/\/develop.gc-heddesheim.de\/wp-content\/uploads\/2023\/10\/IMG_1638.jpg\" target=\"_blank\" rel=\"noopener noreferrer\"><u>Hier<\/u><\/a>\u00a0geht es zum Artikel aus dem Mannheimer Morgen \/ Vereinsmorgen vom 26.04.2018.<\/p>\n<p>&nbsp;<\/p>\n<h4>22.03.2018<br \/>\nNEUEINSTEIGER TREFFEN AUF TURNIERERFAHRENE GOLFER<\/h4>\n<p><a href=\"https:\/\/develop.gc-heddesheim.de\/wp-content\/uploads\/2023\/10\/IMG_E1580.jpg\" target=\"_blank\" rel=\"noopener noreferrer\"><u>Hier<\/u><\/a>\u00a0geht es zum Artikel aus dem Mannheimer Morgen \/ Vereinsmorgen vom 22.03.2018.<\/p>\n<p>&nbsp;<\/p>\n<h4>2017<\/h4>\n<p>&nbsp;<\/p>\n<h4>02.11.2017<br \/>\nKINDER DES AWO KINDERGARTEN IN VIERNHEIM ERNTEN F\u00dcR ERNTEDANKFEST \u00c4PFEL AUF DEM GEL\u00c4NDE DES GC HEDDESHEIM<\/h4>\n<p><a href=\"http:\/\/viernheimer-nachrichten.de\/projektwoche-erntedank-in-der-awo-kindertagesstaette-kirschenstrasse-2\/\" target=\"_blank\" rel=\"noopener noreferrer\"><u>Hier<\/u><\/a>\u00a0geht es zum Artikel auf www.viernheimer-nachrichten.de<\/p>\n<p>&nbsp;<\/p>\n<h4>19.10.2017<br \/>\n3RD EDITION MANNHEIMER OKTOBERFEST GOLFTURNIER BY GUTPERLE.COM<\/h4>\n<p><a href=\"http:\/\/viernheimer-nachrichten.de\/3rd-edition-mannheimer-oktoberfest-golfturnier\/\" target=\"_blank\" rel=\"noopener noreferrer\"><u>Hier<\/u><\/a>\u00a0geht es zum Artikel auf www.viernheimer-nachrichten.de<\/p>\n<p>&nbsp;<\/p>\n<h4>12.10.2017<br \/>\nGOLFSHOP HEDDESHEIM SPONSERT JUGENDTURNIER<\/h4>\n<p><a href=\"https:\/\/gc-heddesheim.de\/wp-content\/uploads\/2017\/10\/IMG_12671_cr.jpg\" target=\"_blank\" rel=\"noopener noreferrer\">Hier<\/a>\u00a0geht es zum Artikel aus dem Mannheimer Morgen \/ Vereinsmorgen vom 12.10.2017.<\/p>\n<p>&nbsp;<\/p>\n<h4>01.09.2017<br \/>\n&#8222;ROTARY SOMMERCAMP&#8220; ZU GAST BEIM GOLFCLUB HEDDESHEIM &#8211; SCHNUPPERKURS MIT GOLF PRO\u00b4S<\/h4>\n<p><a href=\"http:\/\/viernheimer-nachrichten.de\/rotary-sommercamp-zu-gast-beim-golfclub-heddesheim-schnupperkurs-mit-golf-pros\/\" target=\"_blank\" rel=\"noopener noreferrer\">Hier<\/a>\u00a0geht es zum Artikel auf www.viernheimer nachrichten.de<\/p>\n<p>&nbsp;<\/p>\n<h4>21.08.2017<br \/>\nFERIENSPIELE DER GEMEINDE HEDDESHEIM BEIM GC HEDDESHEIM<\/h4>\n<p><a href=\"https:\/\/develop.gc-heddesheim.de\/wp-content\/uploads\/2023\/10\/Artikel-MaMo-Jugendferiencamp2.pdf\" target=\"_blank\" rel=\"noopener noreferrer\">Hier<\/a>\u00a0geht es zum Artikel aus dem Mannheimer Morgen vom 21.08.2017.<\/p>\n<p>&nbsp;<\/p>\n<h4>14.08.2017<br \/>\nGUTE LEISTUNGEN DER HEDDESHEIMER GOLFJUGEND BEI DEN<br \/>\nQUALIFIKATIONSTURNIEREN ZUR DEUTSCHEN MANNSCHAFTSMEISTERSCHAFT<\/h4>\n<p><a href=\"http:\/\/viernheimer-nachrichten.de\/gute-leistungen-der-heddesheimer-golfjugend-bei-den-qualifikationsturnieren-zur-deutschen-mannschaftsmeisterschaft\/\" target=\"_blank\" rel=\"noopener noreferrer\">Hier<\/a>\u00a0geht es zum Artikel auf www.viernheimer-nachrichten.de.<\/p>\n<p>&nbsp;<\/p>\n<h4>24.07.2017<br \/>\nSCHULPROJEKT IM GOLFCLUB HEDDESHEIM<\/h4>\n<p><a href=\"http:\/\/viernheimer-nachrichten.de\/schulprojekt-beim-golfclub-heddesheim\/\" target=\"_blank\" rel=\"noopener noreferrer\">Hier<\/a>\u00a0geht es zum Artikel auf www.viernheimer-nachrichten.de.<\/p>\n<p>&nbsp;<\/p>\n<h4>17.07.2017<br \/>\nGOLFCLUB HEDDESHEIM SPENDET AN \u00d6KUMENISCHEN SOZIALFOND DER GEMEINDE HEDDESHEIM<\/h4>\n<p><a href=\"http:\/\/viernheimer-nachrichten.de\/golfclub-heddesheim-spendet-an-oekumenischen-sozialfonds-der-gemeinde-heddesheim\/\" target=\"_blank\" rel=\"noopener noreferrer\">Hier<\/a>\u00a0geht es zum Artikel auf www.viernheimer-nachrichten.de.<\/p>\n<p>&nbsp;<\/p>\n<h4>03.07.2017<br \/>\nGOLF-SCHNUPPERKURS F\u00dcR WEINK\u00c4UFER BEIM GC HEDDESHEIM<\/h4>\n<p><a href=\"http:\/\/viernheimer-nachrichten.de\/golf-schnupperkurs-fuer-weinkaeufer-beim-gc-heddesheim\/\" target=\"_blank\" rel=\"noopener noreferrer\">Hier<\/a>\u00a0geht es zum Bericht auf www.viernheimer-nachrichten.de \u00fcber den Golf-Schnupperkurs f\u00fcr die flei\u00dfigen Weink\u00e4ufer.<\/p>\n<p>Und\u00a0<a href=\"https:\/\/develop.gc-heddesheim.de\/wp-content\/uploads\/2023\/10\/\/doc03582820170706065446.pdf\">hier<\/a>\u00a0der Bericht \u00fcber den Golf-Schnupperkurs f\u00fcr die flei\u00dfigen Weink\u00e4ufer aus dem VereinsMorgen (MannheimerMorgen) vom 06.07.2017.<\/p>\n<p>&nbsp;<\/p>\n<h4>29.06.2017<br \/>\nMITGLIEDER-\/TREUGEBERVERSAMMLUNG<\/h4>\n<p><a href=\"https:\/\/develop.gc-heddesheim.de\/wp-content\/uploads\/2023\/10\/Artikel-MaMo-MGV.pdf\" target=\"_blank\" rel=\"noopener noreferrer\">Hier<\/a>\u00a0geht es zum Bericht \u00fcber die Mitglieder-\/Treugeberversammlung aus dem MannheimerMorgen vom 29.06.2017.<\/p>\n<p>Und\u00a0<a href=\"http:\/\/viernheimer-nachrichten.de\/mitgliederversammlung-des-golfclub-heddesheim-gut-neuzenhof-2\/\" target=\"_blank\" rel=\"noopener noreferrer\">hier<\/a>\u00a0der Bericht \u00fcber die Mitglieder-\/Treugeberversammlung auf www.viernheimer-nachrichten.de vom 29.06.2017.<\/p>\n<p>&nbsp;<\/p>\n<h4>11.05.2017<br \/>\nMEN&#8217;S DAY ANGOLFEN<\/h4>\n<p><a href=\"https:\/\/develop.gc-heddesheim.de\/wp-content\/uploads\/2023\/10\/Mens-Day-Angolfen.jpg\" target=\"_blank\" rel=\"noopener noreferrer\">Hier<\/a>\u00a0geht es zum Bericht \u00fcber das Men&#8217;s Day Angolfen sponsored by J. Keilbach Financial Planer im VereinsMorgen (MannheimerMorgen) vom 11.05.2017.<\/p>\n<p>&nbsp;<\/p>\n<h4>06.05.2017<br \/>\nJUGENDMANNSCHAFTSPOKAL<\/h4>\n<p><a href=\"http:\/\/viernheimer-nachrichten.de\/heddesheimer-golfjugend-startet-jugendmannschaftspokal\/\" target=\"_blank\" rel=\"noopener noreferrer\">Hier<\/a>\u00a0geht es zum Bericht \u00fcber unsere Jugend beim Jugendmannschaftspokal auf www.viernheimer-nachrichten.de.<\/p>\n<p>&nbsp;<\/p>\n<h4>04.05.2017<br \/>\nZERTIFIKAT GOLD<\/h4>\n<p><a href=\"https:\/\/develop.gc-heddesheim.de\/wp-content\/uploads\/2023\/10\/IMG_09991_1.jpg\" target=\"_blank\" rel=\"noopener noreferrer\">Hier<\/a>\u00a0geht es zum Bericht \u00fcber unsere Auszeichnung aus dem VereinsMorgen (MannheimerMorgen) vom 04.05.2017.<\/p>\n<p>&nbsp;<\/p>\n<h4>2016<\/h4>\n<p>&nbsp;<\/p>\n<h4>23.06.2016<br \/>\nTHOMAS KRIEGER DEUTSCHER MEISTER<\/h4>\n<p>Vom 26. bis 29. Mai fanden die deutschen Meisterschaften AK 50\/65 im westf\u00e4lischen Golfclub G\u00fctersloh statt. Thomas Krieger, Captain der 1. Herrenmannschaft des GC Heddesheim&#8230;<br \/>\n<a href=\"https:\/\/develop.gc-heddesheim.de\/wp-content\/uploads\/2023\/10\/Pressebericht_thomas-krieger-deutscher-meister.pdf\" target=\"_blank\" rel=\"noopener noreferrer\">Weiter zum Artikel<\/a>[\/vc_column_text][\/vc_column][\/vc_row]\n","protected":false},"excerpt":{"rendered":"<p>[vc_row][vc_column][\/vc_column][vc_column][\/vc_column][\/vc_row][vc_row][vc_column width=&#8220;5\/6&#8243; offset=&#8220;vc_col-lg-offset-2 vc_col-lg-8 vc_col-xs-offset-1 vc_col-xs-10&#8243;][vc_column_text] 2019 &nbsp; HIER FINDEN SIE\u00a0DIE PRESSEVER\u00d6FFENTLICHUNGEN UNSERER TURNIERE UND VERANSTALTUNGEN. SCHAUEN SIE BITTE AUCH IN DER ONLINE PRESSE: WWW.VIERNHEIM-ONLINE.DE &nbsp; 11.11.2019 SAISONABSCHLUSS F\u00dcR JUNGE GOLFER Hier\u00a0geht es zum Artikel der BAZ vom 09.11.2019. &nbsp; 11.11.2019 SENIORS SEASONS END TURNIER Hier\u00a0geht es zum Artikel aus dem Viernheimer Tageblatt vom 07.11.2019.&hellip;<\/p>\n","protected":false},"author":1,"featured_media":0,"parent":0,"menu_order":0,"comment_status":"closed","ping_status":"closed","template":"","meta":{"footnotes":""},"class_list":["post-1357","page","type-page","status-publish","hentry","entry","no-media"],"_links":{"self":[{"href":"https:\/\/develop.gc-heddesheim.de\/index.php?rest_route=\/wp\/v2\/pages\/1357","targetHints":{"allow":["GET"]}}],"collection":[{"href":"https:\/\/develop.gc-heddesheim.de\/index.php?rest_route=\/wp\/v2\/pages"}],"about":[{"href":"https:\/\/develop.gc-heddesheim.de\/index.php?rest_route=\/wp\/v2\/types\/page"}],"author":[{"embeddable":true,"href":"https:\/\/develop.gc-heddesheim.de\/index.php?rest_route=\/wp\/v2\/users\/1"}],"replies":[{"embeddable":true,"href":"https:\/\/develop.gc-heddesheim.de\/index.php?rest_route=%2Fwp%2Fv2%2Fcomments&post=1357"}],"version-history":[{"count":11,"href":"https:\/\/develop.gc-heddesheim.de\/index.php?rest_route=\/wp\/v2\/pages\/1357\/revisions"}],"predecessor-version":[{"id":1932,"href":"https:\/\/develop.gc-heddesheim.de\/index.php?rest_route=\/wp\/v2\/pages\/1357\/revisions\/1932"}],"wp:attachment":[{"href":"https:\/\/develop.gc-heddesheim.de\/index.php?rest_route=%2Fwp%2Fv2%2Fmedia&parent=1357"}],"curies":[{"name":"wp","href":"https:\/\/api.w.org\/{rel}","templated":true}]}}