{"id":1676,"date":"2023-09-19T16:04:41","date_gmt":"2023-09-19T14:04:41","guid":{"rendered":"https:\/\/develop.gc-heddesheim.de\/?page_id=1676"},"modified":"2023-09-19T16:07:10","modified_gmt":"2023-09-19T14:07:10","slug":"impressum","status":"publish","type":"page","link":"https:\/\/develop.gc-heddesheim.de\/?page_id=1676","title":{"rendered":"Impressum"},"content":{"rendered":"[vc_row][vc_column]<figure class=\"vcex-image vcex-module wpex-clr\"><div class=\"vcex-image-inner wpex-relative wpex-inline-block\"><img decoding=\"async\" width=\"1920\" height=\"475\" src=\"https:\/\/develop.gc-heddesheim.de\/wp-content\/uploads\/2023\/06\/DJI_0009_header_mitgliedwerden.jpg\" class=\"wpex-align-middle\" alt=\"\" loading=\"lazy\" srcset=\"https:\/\/develop.gc-heddesheim.de\/wp-content\/uploads\/2023\/06\/DJI_0009_header_mitgliedwerden.jpg 1920w, https:\/\/develop.gc-heddesheim.de\/wp-content\/uploads\/2023\/06\/DJI_0009_header_mitgliedwerden-300x74.jpg 300w, https:\/\/develop.gc-heddesheim.de\/wp-content\/uploads\/2023\/06\/DJI_0009_header_mitgliedwerden-1024x253.jpg 1024w, https:\/\/develop.gc-heddesheim.de\/wp-content\/uploads\/2023\/06\/DJI_0009_header_mitgliedwerden-768x190.jpg 768w, https:\/\/develop.gc-heddesheim.de\/wp-content\/uploads\/2023\/06\/DJI_0009_header_mitgliedwerden-1536x380.jpg 1536w\" sizes=\"auto, (max-width: 1920px) 100vw, 1920px\" \/><\/div><\/figure>[\/vc_column][vc_column]<div class=\"vcex-heading vcex-module wpex-text-2xl wpex-font-normal wpex-m-auto wpex-max-w-100 vcex-heading-plain wpex-block wpex-text-center vc_custom_1695132312595\"><span class=\"vcex-heading-inner wpex-inline-block wpex-clr\">Impressum<\/span><\/div>[\/vc_column][\/vc_row][vc_row][vc_column width=&#8220;5\/6&#8243; offset=&#8220;vc_col-lg-offset-2 vc_col-lg-8 vc_col-md-offset-1 vc_col-md-10 vc_col-sm-offset-1 vc_col-xs-offset-1&#8243;][vc_column_text]Golfplatz Heddesheim Gut Neuzenhof GmbH &amp; Co. Beteiligungs-KG<br \/>\nGut Neuzenhof<br \/>\n68519 Viernheim<\/p>\n<p>vertreten durch deren pers\u00f6nlich haftende Gesellschafterin<br \/>\nGolfplatz Heddesheim Gut Neuzenhof Verwaltungs-GmbH,<br \/>\ndiese vertreten durch die Gesch\u00e4ftsf\u00fchrer<br \/>\nWerner F. Gutperle<br \/>\nDipl.-Kfm. J\u00fcrgen B. Harder<br \/>\nSteven A. Pinter<\/p>\n<p>Kontakt:<br \/>\nTel.: 06204 97 69-0<br \/>\nFax: 06204 97 69-96<br \/>\nE-Mail: service(at)gutperle-golfcourses.de<\/p>\n<p>Amtsgericht Darmstadt HRA 61772<br \/>\nFinanzamt Bensheim; Steuernummer 005 322 000 21<\/p>\n<p><strong>Verantwortlich f\u00fcr den Inhalt:<\/strong><\/p>\n<p>Golfplatz Heddesheim Gut Neuzenhof<br \/>\nGmbH &amp; Co. Beteiligungs KG<br \/>\nGesch\u00e4ftsstelle, Steven A. Pinter<br \/>\nGut Neuzenhof<br \/>\n68519 Viernheim<\/p>\n<p><strong>Ausgenommen Mannschaften und Days:<br \/>\n<\/strong>hier sind der Club bzw. die Captains der Mannschaften und Days verantwortlich<\/p>\n<p><strong>Ausgenommen Jugend:<\/strong><br \/>\nhier sind der Club bzw. der Jugendwart Volker B\u00f6ll verantwortlich<\/p>\n<p><strong>Konzeption und\u00a0 Design:<br \/>\n<\/strong>MIND Werbeagentur Schr\u00f6der GmbH<br \/>\nMoltkestra\u00dfe 1<br \/>\n69469 Weinheim<br \/>\nTel: 06201 &#8211; 389\u00a0 75 75<br \/>\n<a href=\"http:\/\/www.mind-werbeagentur.de\/\" target=\"_blank\" rel=\"noopener noreferrer\">www.mind-werbeagentur.de<\/a><\/p>\n<p><b><br \/>\n<\/b><strong>Programmierung und Umsetzung:<\/strong><br \/>\nL&amp;I IT-solutions GmbH &amp; Co.KG Developmet<br \/>\nD\u00fcrrestra\u00dfe 15<br \/>\n69469 Weinheim<br \/>\nE-Mail: kai.bieler@law-ict.de<br \/>\nWebsite: www.law-ict.de<\/p>\n<p><strong><br \/>\nFotos:<br \/>\n<\/strong>Alexander Seeboth (Seeboth Photography)<\/p>\n<p><strong><br \/>\nHosting:<br \/>\n<\/strong>net-solution GmbH<br \/>\nBeindstra\u00dfe 12<br \/>\n68542 Heddesheim<br \/>\nTel.: 06203 49 49 49<br \/>\nFax: 06203 49 49 18<br \/>\nE-Mail: info@net-solution.net<br \/>\n<a href=\"http:\/\/net-solution.net\/\" target=\"_blank\" rel=\"noopener noreferrer\">www.net-solution.net<\/a><\/p>\n<p><strong>Haftung f\u00fcr Inhalte<br \/>\n<\/strong>Die Inhalte unserer Seiten wurden mit gr\u00f6\u00dfter Sorgfalt erstellt. F\u00fcr die Richtigkeit, Vollst\u00e4ndigkeit und Aktualit\u00e4t der Inhalte k\u00f6nnen wir jedoch keine Gew\u00e4hr \u00fcbernehmen. Als Diensteanbieter sind wir gem\u00e4\u00df \u00a7 7 Abs.1 TMG f\u00fcr eigene Inhalte auf diesen Seiten nach den allgemeinen Gesetzen verantwortlich. Nach \u00a7\u00a7 8 bis 10 TMG sind wir als Diensteanbieter jedoch nicht verpflichtet, \u00fcbermittelte oder gespeicherte fremde Informationen zu \u00fcberwachen oder nach Umst\u00e4nden zu forschen, die auf eine rechtswidrige T\u00e4tigkeit hinweisen.<\/p>\n<p>Verpflichtungen zur Entfernung oder Sperrung der Nutzung von Informationen nach den allgemeinen Gesetzen bleiben hiervon unber\u00fchrt. Eine diesbez\u00fcgliche Haftung ist jedoch erst ab dem Zeitpunkt der Kenntnis einer konkreten Rechtsverletzung m\u00f6glich. Bei Bekanntwerden von entsprechenden Rechtsverletzungen werden wir diese Inhalte umgehend entfernen.<\/p>\n<p><strong>Haftung f\u00fcr Links<br \/>\n<\/strong>Unser Angebot enth\u00e4lt Links zu externen Webseiten Dritter, auf deren Inhalte wir keinen Einfluss haben. Deshalb k\u00f6nnen wir f\u00fcr diese fremden Inhalte auch keine Gew\u00e4hr \u00fcbernehmen. F\u00fcr die Inhalte der verlinkten Seiten ist stets der jeweilige Anbieter oder Betreiber der Seiten verantwortlich. Die verlinkten Seiten wurden zum Zeitpunkt der Verlinkung auf m\u00f6gliche Rechtsverst\u00f6\u00dfe \u00fcberpr\u00fcft. Rechtswidrige Inhalte waren zum Zeitpunkt der Verlinkung nicht erkennbar.<\/p>\n<p>Eine permanente inhaltliche Kontrolle der verlinkten Seiten ist jedoch ohne konkrete Anhaltspunkte einer Rechtsverletzung nicht zumutbar. Bei Bekanntwerden von Rechtsverletzungen werden wir derartige Links umgehend entfernen.<\/p>\n<p><strong>Urheberrecht<br \/>\n<\/strong>Die durch die Seitenbetreiber erstellten Inhalte und Werke auf diesen Seiten unterliegen dem deutschen Urheberrecht. Die Vervielf\u00e4ltigung, Bearbeitung, Verbreitung und jede Art der Verwertung au\u00dferhalb der Grenzen des Urheberrechtes bed\u00fcrfen der schriftlichen Zustimmung des jeweiligen Autors bzw. Erstellers. Downloads und Kopien dieser Seite sind nur f\u00fcr den privaten, nicht kommerziellen Gebrauch gestattet.<\/p>\n<p>Soweit die Inhalte auf dieser Seite nicht vom Betreiber erstellt wurden, werden die Urheberrechte Dritter beachtet. Insbesondere werden Inhalte Dritter als solche gekennzeichnet. Sollten Sie trotzdem auf eine Urheberrechtsverletzung aufmerksam werden, bitten wir um einen entsprechenden Hinweis. Bei Bekanntwerden von Rechtsverletzungen werden wir derartige Inhalte umgehend entfernen.<\/p>\n<p><strong>Recht am eigenen Bild<\/strong><br \/>\nWenn bei Veranstaltungen (Turniere im Golfclub Heddesheim Gut Neuzenhof und sonstige Veranstaltungen) von den Teilnehmern und Personen, die sich \u00fcberdies auf dieser Veranstaltung befinden und sich in einer Menge mit anderen Personen zusammen befinden, Bilder gemacht werden, ist bei der Ver\u00f6ffentlichung dieser auf der Webseite ein Versto\u00df gegen das Pers\u00f6nlichkeitsrecht nicht gegeben. Das bedeutet, es sind keine Einw\u00e4nde zu erheben, weil dem Recht auf Bildschutz das Recht der \u00d6ffentlichkeit auf Berichterstattung entgegenwirkt. Das gilt auch in F\u00e4llen, in denen Fotografien von Personen lediglich als Beiwerk zu Landschaftsaufnahmen aufgenommen werden.[\/vc_column_text][\/vc_column][\/vc_row]\n","protected":false},"excerpt":{"rendered":"<p>[vc_row][vc_column][\/vc_column][vc_column][\/vc_column][\/vc_row][vc_row][vc_column width=&#8220;5\/6&#8243; offset=&#8220;vc_col-lg-offset-2 vc_col-lg-8 vc_col-md-offset-1 vc_col-md-10 vc_col-sm-offset-1 vc_col-xs-offset-1&#8243;][vc_column_text]Golfplatz Heddesheim Gut Neuzenhof GmbH &amp; Co. Beteiligungs-KG Gut Neuzenhof 68519 Viernheim vertreten durch deren pers\u00f6nlich haftende Gesellschafterin Golfplatz Heddesheim Gut Neuzenhof Verwaltungs-GmbH, diese vertreten durch die Gesch\u00e4ftsf\u00fchrer Werner F. Gutperle Dipl.-Kfm. J\u00fcrgen B. Harder Steven A. Pinter Kontakt: Tel.: 06204 97 69-0 Fax: 06204 97 69-96 E-Mail:&hellip;<\/p>\n","protected":false},"author":1,"featured_media":0,"parent":0,"menu_order":0,"comment_status":"closed","ping_status":"closed","template":"","meta":{"footnotes":""},"class_list":["post-1676","page","type-page","status-publish","hentry","entry","no-media"],"_links":{"self":[{"href":"https:\/\/develop.gc-heddesheim.de\/index.php?rest_route=\/wp\/v2\/pages\/1676","targetHints":{"allow":["GET"]}}],"collection":[{"href":"https:\/\/develop.gc-heddesheim.de\/index.php?rest_route=\/wp\/v2\/pages"}],"about":[{"href":"https:\/\/develop.gc-heddesheim.de\/index.php?rest_route=\/wp\/v2\/types\/page"}],"author":[{"embeddable":true,"href":"https:\/\/develop.gc-heddesheim.de\/index.php?rest_route=\/wp\/v2\/users\/1"}],"replies":[{"embeddable":true,"href":"https:\/\/develop.gc-heddesheim.de\/index.php?rest_route=%2Fwp%2Fv2%2Fcomments&post=1676"}],"version-history":[{"count":3,"href":"https:\/\/develop.gc-heddesheim.de\/index.php?rest_route=\/wp\/v2\/pages\/1676\/revisions"}],"predecessor-version":[{"id":1679,"href":"https:\/\/develop.gc-heddesheim.de\/index.php?rest_route=\/wp\/v2\/pages\/1676\/revisions\/1679"}],"wp:attachment":[{"href":"https:\/\/develop.gc-heddesheim.de\/index.php?rest_route=%2Fwp%2Fv2%2Fmedia&parent=1676"}],"curies":[{"name":"wp","href":"https:\/\/api.w.org\/{rel}","templated":true}]}}